{"id":16,"date":"2026-02-09T11:48:38","date_gmt":"2026-02-09T16:48:38","guid":{"rendered":"https:\/\/eschmit.dectim.ca\/ep\/lucio\/?page_id=16"},"modified":"2026-04-22T19:27:17","modified_gmt":"2026-04-22T23:27:17","slug":"a-propos","status":"publish","type":"page","link":"https:\/\/eschmit.dectim.ca\/ep\/lucio\/a-propos\/","title":{"rendered":"\u00c0 propos"},"content":{"rendered":"\n<div class=\"wp-block-nk-awb nk-awb alignfull\" style=\"padding-top:240px;padding-bottom:240px\"><div class=\"nk-awb-wrap\" data-awb-type=\"yt_vm_video\" data-awb-video=\"https:\/\/www.youtube.com\/watch?v=cWofFub5wsM\" data-awb-video-mobile=\"false\"><div class=\"nk-awb-inner\"><\/div><\/div><div class=\"nk-awb-wrap-content is-layout-constrained wp-block-nk-awb-is-layout-constrained\">\n<h1 class=\"wp-block-heading has-text-align-left animated slideInLeft o-anim-hover has-ast-global-color-2-color has-text-color has-link-color wp-elements-350c81f785a415531cca13b578d14608\">\u00c0 propos<\/h1>\n<\/div><\/div>\n\n\n\n<div class=\"wp-block-group alignfull is-vertical is-layout-flex wp-container-core-group-is-layout-fe9cc265 wp-block-group-is-layout-flex\">\n<div class=\"wp-block-columns alignfull is-layout-flex wp-container-core-columns-is-layout-28f84493 wp-block-columns-is-layout-flex\">\n<div class=\"wp-block-column is-layout-flow wp-block-column-is-layout-flow\" style=\"flex-basis:50%\">\n<figure class=\"wp-block-image alignfull size-full has-custom-border is-style-default\"><img loading=\"lazy\" decoding=\"async\" width=\"504\" height=\"673\" src=\"https:\/\/eschmit.dectim.ca\/ep\/lucio\/wp-content\/uploads\/2026\/03\/A-propos-edited-2.png\" alt=\"\" class=\"wp-image-682\" style=\"border-top-left-radius:24px;border-top-right-radius:24px;border-bottom-left-radius:24px;border-bottom-right-radius:24px\" srcset=\"https:\/\/eschmit.dectim.ca\/ep\/lucio\/wp-content\/uploads\/2026\/03\/A-propos-edited-2.png 504w, https:\/\/eschmit.dectim.ca\/ep\/lucio\/wp-content\/uploads\/2026\/03\/A-propos-edited-2-225x300.png 225w\" sizes=\"auto, (max-width: 504px) 100vw, 504px\" \/><\/figure>\n<\/div>\n\n\n\n<div class=\"wp-block-column is-layout-flow wp-container-core-column-is-layout-7dcc65dd wp-block-column-is-layout-flow\" style=\"padding-top:var(--wp--preset--spacing--40);padding-bottom:var(--wp--preset--spacing--40);flex-basis:50%\">\n<h3 class=\"wp-block-heading has-ast-global-color-3-color has-text-color has-link-color wp-elements-bb585524d3e1de5eab482da9b39cf851\">Lucio est une entreprise cr\u00e9ative d\u2019interactions lumineuses. Leur installation est situ\u00e9e au Parc du Bois-de-Coulonge pr\u00e8s de Qu\u00e9bec.<\/h3>\n\n\n\n<h2 class=\"wp-block-heading has-ast-global-color-2-color has-text-color has-link-color wp-elements-e3e43f34de9a1cece5ce87dcb438954c\">Mission<\/h2>\n\n\n\n<p class=\"has-ast-global-color-6-color has-text-color has-link-color wp-elements-6de9339cc11be373dfe78e9d55b1f723\" style=\"margin-top:var(--wp--preset--spacing--20);margin-bottom:var(--wp--preset--spacing--20)\">Notre mission est d\u2019expandre le monde interactif en dehors de ses contextes traditionnels, soit les \u00e9crans et les salles d\u2019int\u00e9rieur. Nous vous invitons \u00e0 sortir de votre lit et des grandes villes pour venir vivre une exp\u00e9rience haute en couleur dans un <strong>jardins en lumi\u00e8re<\/strong>.<\/p>\n\n\n\n<h2 class=\"wp-block-heading has-ast-global-color-2-color has-text-color has-link-color wp-elements-1ad31b2f8a803f7e44eda3b7a805a793\">Histoire<\/h2>\n\n\n\n<p class=\"has-ast-global-color-7-color has-text-color has-link-color wp-elements-f4257d7e1d1a37498c9f3e426676511f\" style=\"margin-top:var(--wp--preset--spacing--20);margin-bottom:var(--wp--preset--spacing--20)\">Lucio est une jeune entreprise qu\u00e9b\u00e9coise qui a commenc\u00e9 apr\u00e8s avoir gagn\u00e9 un concours de TouchDesigner. Notre fondateur, originaire de la ville de Qu\u00e9bec, a travaill\u00e9 plus de 10 ans chez Moment Factory. Notre fondateur a voulu amener son travail \u00e0 son lieu natal qui manque d\u2019entreprises multi-m\u00e9diatiques locales. Lucio se d\u00e9fie \u00e0 toujours utiliser les technologies les plus pouss\u00e9es notamment des lumi\u00e8res qui r\u00e9agissent au vent, aux mouvements et\/ou aux sons.<\/p>\n\n\n\n<div class=\"wp-block-columns is-layout-flex wp-container-core-columns-is-layout-08165fb6 wp-block-columns-is-layout-flex\">\n<div class=\"wp-block-column is-layout-flow wp-block-column-is-layout-flow\">\n<div class=\"wp-block-group alignfull has-ast-global-color-8-background-color has-background is-vertical is-content-justification-stretch is-layout-flex wp-container-core-group-is-layout-d97dca17 wp-block-group-is-layout-flex\" style=\"border-top-left-radius:24px;border-top-right-radius:0px;border-bottom-left-radius:24px;border-bottom-right-radius:0px;padding-top:10px;padding-right:20px;padding-bottom:10px;padding-left:20px\">\n<div class=\"wp-block-group is-vertical is-content-justification-stretch is-layout-flex wp-container-core-group-is-layout-353c4f5a wp-block-group-is-layout-flex\" style=\"border-bottom-width:2px\">\n<h3 class=\"wp-block-heading\">\u00c9cologie<\/h3>\n<\/div>\n\n\n\n<p class=\"has-text-align-left\" style=\"padding-top:var(--wp--preset--spacing--20)\">\u00c9tant situ\u00e9 dans un parc national, nous tenons \u00e0 coeur le respect de l\u2019environnement. C\u2019est pourquoi, nos expositions sont aliment\u00e9s par une banque d\u2019\u00e9nergie solaire.<\/p>\n<\/div>\n<\/div>\n\n\n\n<div class=\"wp-block-column is-layout-flow wp-block-column-is-layout-flow\">\n<div class=\"wp-block-group has-ast-global-color-8-background-color has-background is-vertical is-content-justification-stretch is-layout-flex wp-container-core-group-is-layout-bfea3a12 wp-block-group-is-layout-flex\" style=\"border-top-left-radius:0px;border-top-right-radius:0px;border-bottom-left-radius:0px;border-bottom-right-radius:0px;margin-top:0;margin-bottom:0;padding-top:10px;padding-right:20px;padding-bottom:10px;padding-left:20px\">\n<div class=\"wp-block-group is-vertical is-content-justification-stretch is-layout-flex wp-container-core-group-is-layout-353c4f5a wp-block-group-is-layout-flex\" style=\"border-bottom-width:2px\">\n<h3 class=\"wp-block-heading\">Ensemble<\/h3>\n<\/div>\n\n\n\n<p class=\"has-text-align-left\">Nous tenons \u00e0 cr\u00e9er des souvenirs de qualit\u00e9 pour vous et vos proches. Il est important pour nous de rassembler les familles et les amis.<\/p>\n<\/div>\n<\/div>\n\n\n\n<div class=\"wp-block-column is-layout-flow wp-block-column-is-layout-flow\">\n<div class=\"wp-block-group alignfull has-ast-global-color-8-background-color has-background is-vertical is-content-justification-stretch is-layout-flex wp-container-core-group-is-layout-459fbc65 wp-block-group-is-layout-flex\" style=\"border-top-left-radius:0px;border-top-right-radius:24px;border-bottom-left-radius:0px;border-bottom-right-radius:24px;padding-top:10px;padding-right:20px;padding-bottom:10px;padding-left:20px\">\n<h3 class=\"wp-block-heading\" style=\"border-bottom-width:2px\">\u00c9l\u00e9vation<\/h3>\n\n\n\n<p class=\"has-text-align-left\">En coulisses, nous continuons tout le temps de tester des nouvelles technologies et de rendre nos expositions toujours plus int\u00e9ressantes.<\/p>\n<\/div>\n<\/div>\n<\/div>\n<\/div>\n<\/div>\n<\/div>\n\n\n\n<p><\/p>\n","protected":false},"excerpt":{"rendered":"<p>Lucio est une entreprise cr\u00e9ative d\u2019interactions lumineuses. Leur installation est situ\u00e9e au Parc du Bois-de-Coulonge pr\u00e8s de Qu\u00e9bec. Mission Notre [&hellip;]<\/p>\n","protected":false},"author":1,"featured_media":0,"parent":0,"menu_order":0,"comment_status":"closed","ping_status":"closed","template":"","meta":{"inline_featured_image":false,"site-sidebar-layout":"default","site-content-layout":"","ast-site-content-layout":"default","site-content-style":"default","site-sidebar-style":"default","ast-global-header-display":"","ast-banner-title-visibility":"","ast-main-header-display":"","ast-hfb-above-header-display":"","ast-hfb-below-header-display":"","ast-hfb-mobile-header-display":"","site-post-title":"disabled","ast-breadcrumbs-content":"","ast-featured-img":"","footer-sml-layout":"","ast-disable-related-posts":"","theme-transparent-header-meta":"","adv-header-id-meta":"","stick-header-meta":"","header-above-stick-meta":"","header-main-stick-meta":"","header-below-stick-meta":"","astra-migrate-meta-layouts":"default","ast-page-background-enabled":"default","ast-page-background-meta":{"desktop":{"background-color":"var(--ast-global-color-5)","background-image":"","background-repeat":"repeat","background-position":"center center","background-size":"auto","background-attachment":"scroll","background-type":"","background-media":"","overlay-type":"","overlay-color":"","overlay-opacity":"","overlay-gradient":""},"tablet":{"background-color":"","background-image":"","background-repeat":"repeat","background-position":"center center","background-size":"auto","background-attachment":"scroll","background-type":"","background-media":"","overlay-type":"","overlay-color":"","overlay-opacity":"","overlay-gradient":""},"mobile":{"background-color":"","background-image":"","background-repeat":"repeat","background-position":"center center","background-size":"auto","background-attachment":"scroll","background-type":"","background-media":"","overlay-type":"","overlay-color":"","overlay-opacity":"","overlay-gradient":""}},"ast-content-background-meta":{"desktop":{"background-color":"var(--ast-global-color-4)","background-image":"","background-repeat":"repeat","background-position":"center center","background-size":"auto","background-attachment":"scroll","background-type":"","background-media":"","overlay-type":"","overlay-color":"","overlay-opacity":"","overlay-gradient":""},"tablet":{"background-color":"var(--ast-global-color-4)","background-image":"","background-repeat":"repeat","background-position":"center center","background-size":"auto","background-attachment":"scroll","background-type":"","background-media":"","overlay-type":"","overlay-color":"","overlay-opacity":"","overlay-gradient":""},"mobile":{"background-color":"var(--ast-global-color-4)","background-image":"","background-repeat":"repeat","background-position":"center center","background-size":"auto","background-attachment":"scroll","background-type":"","background-media":"","overlay-type":"","overlay-color":"","overlay-opacity":"","overlay-gradient":""}},"_themeisle_gutenberg_block_has_review":false,"footnotes":""},"class_list":["post-16","page","type-page","status-publish","hentry"],"_links":{"self":[{"href":"https:\/\/eschmit.dectim.ca\/ep\/lucio\/wp-json\/wp\/v2\/pages\/16","targetHints":{"allow":["GET"]}}],"collection":[{"href":"https:\/\/eschmit.dectim.ca\/ep\/lucio\/wp-json\/wp\/v2\/pages"}],"about":[{"href":"https:\/\/eschmit.dectim.ca\/ep\/lucio\/wp-json\/wp\/v2\/types\/page"}],"author":[{"embeddable":true,"href":"https:\/\/eschmit.dectim.ca\/ep\/lucio\/wp-json\/wp\/v2\/users\/1"}],"replies":[{"embeddable":true,"href":"https:\/\/eschmit.dectim.ca\/ep\/lucio\/wp-json\/wp\/v2\/comments?post=16"}],"version-history":[{"count":45,"href":"https:\/\/eschmit.dectim.ca\/ep\/lucio\/wp-json\/wp\/v2\/pages\/16\/revisions"}],"predecessor-version":[{"id":890,"href":"https:\/\/eschmit.dectim.ca\/ep\/lucio\/wp-json\/wp\/v2\/pages\/16\/revisions\/890"}],"wp:attachment":[{"href":"https:\/\/eschmit.dectim.ca\/ep\/lucio\/wp-json\/wp\/v2\/media?parent=16"}],"curies":[{"name":"wp","href":"https:\/\/api.w.org\/{rel}","templated":true}]}}