{"id":25,"date":"2026-02-09T11:50:21","date_gmt":"2026-02-09T16:50:21","guid":{"rendered":"https:\/\/eschmit.dectim.ca\/ep\/lucio\/?page_id=25"},"modified":"2026-04-18T21:04:59","modified_gmt":"2026-04-19T01:04:59","slug":"contact","status":"publish","type":"page","link":"https:\/\/eschmit.dectim.ca\/ep\/lucio\/contact\/","title":{"rendered":"Contact"},"content":{"rendered":"\n<div class=\"wp-block-cover alignfull\" style=\"padding-top:310px;padding-bottom:310px\"><img loading=\"lazy\" decoding=\"async\" width=\"786\" height=\"524\" class=\"wp-block-cover__image-background wp-image-769\" alt=\"\" src=\"https:\/\/eschmit.dectim.ca\/ep\/lucio\/wp-content\/uploads\/2026\/04\/Hero_Contact.png\" data-object-fit=\"cover\" srcset=\"https:\/\/eschmit.dectim.ca\/ep\/lucio\/wp-content\/uploads\/2026\/04\/Hero_Contact.png 786w, https:\/\/eschmit.dectim.ca\/ep\/lucio\/wp-content\/uploads\/2026\/04\/Hero_Contact-300x200.png 300w, https:\/\/eschmit.dectim.ca\/ep\/lucio\/wp-content\/uploads\/2026\/04\/Hero_Contact-768x512.png 768w, https:\/\/eschmit.dectim.ca\/ep\/lucio\/wp-content\/uploads\/2026\/04\/Hero_Contact-500x333.png 500w\" sizes=\"auto, (max-width: 786px) 100vw, 786px\" \/><span aria-hidden=\"true\" class=\"wp-block-cover__background has-background-dim\"><\/span><div class=\"wp-block-cover__inner-container is-layout-constrained wp-block-cover-is-layout-constrained\">\n<h1 class=\"wp-block-heading has-white-color has-text-color has-link-color wp-elements-9426b0ef4b5556e4ce71aac415bfe70f\" style=\"padding-bottom:0;padding-left:0\">Contact<\/h1>\n<\/div><\/div>\n\n\n\n<div class=\"wp-block-group alignfull is-layout-constrained wp-container-core-group-is-layout-1ce9e9f8 wp-block-group-is-layout-constrained\" style=\"padding-top:50px;padding-right:0;padding-bottom:50px;padding-left:0\">\n<div class=\"wp-block-columns is-layout-flex wp-container-core-columns-is-layout-28f84493 wp-block-columns-is-layout-flex\">\n<div class=\"wp-block-column is-layout-flow wp-block-column-is-layout-flow\" style=\"flex-basis:66.66%\">\n<div class=\"wp-block-group has-ast-global-color-5-background-color has-background is-vertical is-content-justification-stretch is-layout-flex wp-container-core-group-is-layout-c9d83a1c wp-block-group-is-layout-flex\" style=\"border-top-left-radius:24px;border-top-right-radius:24px;border-bottom-left-radius:24px;border-bottom-right-radius:24px;padding-top:24px;padding-right:24px;padding-bottom:24px;padding-left:24px\">\n<div id=\"wp-block-themeisle-blocks-form-dc050473\" class=\"wp-block-themeisle-blocks-form\" data-option-name=\"cf148d6804cdb4724bc8185f2948c230867ee3df_dc050473\"><form class=\"otter-form__container\">\n<div class=\"wp-block-group is-nowrap is-layout-flex wp-container-core-group-is-layout-6c531013 wp-block-group-is-layout-flex\">\n<div id=\"wp-block-themeisle-blocks-form-input-cf68a11b\" class=\"wp-block-themeisle-blocks-form-input\"><label for=\"wp-block-themeisle-blocks-form-input-cf68a11b-input\" class=\"otter-form-input-label\"><span class=\"otter-form-input-label__label\">Pr\u00e9nom<\/span><span class=\"required\">*<\/span><\/label><input type=\"text\" id=\"wp-block-themeisle-blocks-form-input-cf68a11b-input\" required class=\"otter-form-input\"\/><\/div>\n\n\n\n<div id=\"wp-block-themeisle-blocks-form-input-41ae06ff\" class=\"wp-block-themeisle-blocks-form-input\"><label for=\"wp-block-themeisle-blocks-form-input-41ae06ff-input\" class=\"otter-form-input-label\"><span class=\"otter-form-input-label__label\">Nom<\/span><span class=\"required\">*<\/span><\/label><input type=\"text\" id=\"wp-block-themeisle-blocks-form-input-41ae06ff-input\" required class=\"otter-form-input\"\/><\/div>\n<\/div>\n\n\n\n<div class=\"wp-block-group is-nowrap is-layout-flex wp-container-core-group-is-layout-6c531013 wp-block-group-is-layout-flex\">\n<div id=\"wp-block-themeisle-blocks-form-input-74f8ddd7\" class=\"wp-block-themeisle-blocks-form-input  is-style-o-c-two-thirds\"><label for=\"wp-block-themeisle-blocks-form-input-74f8ddd7-input\" class=\"otter-form-input-label\"><span class=\"otter-form-input-label__label\">Adresse courriel<\/span><span class=\"required\">*<\/span><\/label><input type=\"email\" id=\"wp-block-themeisle-blocks-form-input-74f8ddd7-input\" required class=\"otter-form-input\"\/><\/div>\n\n\n\n<div id=\"wp-block-themeisle-blocks-form-input-9b72cbb3\" class=\"wp-block-themeisle-blocks-form-input  is-style-o-c-one-third\"><label for=\"wp-block-themeisle-blocks-form-input-9b72cbb3-input\" class=\"otter-form-input-label\"><span class=\"otter-form-input-label__label\">Num\u00e9ro de t\u00e9l\u00e9phone<\/span><span class=\"required\">*<\/span><\/label><input type=\"text\" id=\"wp-block-themeisle-blocks-form-input-9b72cbb3-input\" required class=\"otter-form-input\"\/><\/div>\n<\/div>\n\n\n<div class=\"protection\" aria-hidden=\"true\"><input type=\"hidden\" id=\"wp-block-themeisle-blocks-form-dc050473_nonce_field\" name=\"wp-block-themeisle-blocks-form-dc050473_nonce_field\" value=\"443053dcc3\" \/><input type=\"hidden\" name=\"_wp_http_referer\" value=\"\/ep\/lucio\/wp-json\/wp\/v2\/pages\/25\" \/><input class=\"o-anti-bot\" type=\"checkbox\"><\/div>\n\n\n<div id=\"wp-block-themeisle-blocks-form-textarea-4a43c1e6\" class=\"wp-block-themeisle-blocks-form-textarea\"><label for=\"wp-block-themeisle-blocks-form-textarea-4a43c1e6-input\" class=\"otter-form-textarea-label\"><span class=\"otter-form-textarea-label__label\">Message<\/span><\/label><textarea id=\"wp-block-themeisle-blocks-form-textarea-4a43c1e6-input\" rows=\"10\" class=\"otter-form-textarea-input\"><\/textarea><\/div>\n<div class=\"wp-block-button right\"><button class=\"wp-block-button__link\" type=\"submit\">Envoyer<\/button><\/div><\/form><\/div>\n<\/div>\n<\/div>\n\n\n\n<div class=\"wp-block-column is-layout-flow wp-block-column-is-layout-flow\" style=\"flex-basis:33.33%\">\n<div class=\"wp-block-group has-ast-global-color-5-background-color has-background is-vertical is-content-justification-stretch is-layout-flex wp-container-core-group-is-layout-c9d83a1c wp-block-group-is-layout-flex\" style=\"border-top-left-radius:24px;border-top-right-radius:24px;border-bottom-left-radius:24px;border-bottom-right-radius:24px;min-height:508px;padding-top:24px;padding-right:24px;padding-bottom:24px;padding-left:24px\">\n<h2 class=\"wp-block-heading has-ast-global-color-0-color has-text-color has-link-color wp-elements-c020a801076bffdfce38c569b638bd77\">Informations<\/h2>\n\n\n\n<div class=\"wp-block-group is-vertical is-layout-flex wp-container-core-group-is-layout-f98cf28f wp-block-group-is-layout-flex\" style=\"padding-top:0;padding-right:0;padding-bottom:0;padding-left:0\">\n<div class=\"wp-block-group is-vertical is-layout-flex wp-container-core-group-is-layout-4e62386e wp-block-group-is-layout-flex\" style=\"padding-top:0;padding-right:0;padding-bottom:0;padding-left:0\">\n<div id=\"wp-block-themeisle-blocks-icon-list-6bd749a0\" class=\"wp-block-themeisle-blocks-icon-list\">\n<div id=\"wp-block-themeisle-blocks-icon-list-item-104d2ee5\" class=\"wp-block-themeisle-blocks-icon-list-item\"><i class=\"fas fa-map wp-block-themeisle-blocks-icon-list-item-icon-custom\"><\/i><p class=\"wp-block-themeisle-blocks-icon-list-item-content\"><strong>Adresse<\/strong><\/p><\/div>\n<\/div>\n\n\n\n<p class=\"has-ast-global-color-7-color has-text-color has-link-color wp-elements-aea5bbff8653cf53febc2c356ff8c338\">C\u00f4te de la Montagne, Qu\u00e9bec<br>QC G1K 4E4<\/p>\n<\/div>\n\n\n\n<div class=\"wp-block-group is-vertical is-layout-flex wp-container-core-group-is-layout-4e62386e wp-block-group-is-layout-flex\" style=\"padding-top:0;padding-right:0;padding-bottom:0;padding-left:0\">\n<div id=\"wp-block-themeisle-blocks-icon-list-db315738\" class=\"wp-block-themeisle-blocks-icon-list\">\n<div id=\"wp-block-themeisle-blocks-icon-list-item-03248f57\" class=\"wp-block-themeisle-blocks-icon-list-item\"><i class=\"fas fa-clock wp-block-themeisle-blocks-icon-list-item-icon-custom\"><\/i><p class=\"wp-block-themeisle-blocks-icon-list-item-content\"><strong>Heures d&rsquo;ouverture<\/strong><\/p><\/div>\n<\/div>\n\n\n\n<p class=\"has-ast-global-color-7-color has-text-color has-link-color wp-elements-d280384f41ab95499fb745d1411b04b0\">Mercredi au dimanche 19h \u00e0 1h<\/p>\n<\/div>\n\n\n\n<div class=\"wp-block-group is-vertical is-layout-flex wp-container-core-group-is-layout-4e62386e wp-block-group-is-layout-flex\" style=\"padding-top:0;padding-right:0;padding-bottom:0;padding-left:0\">\n<div id=\"wp-block-themeisle-blocks-icon-list-41c4ac75\" class=\"wp-block-themeisle-blocks-icon-list\">\n<div id=\"wp-block-themeisle-blocks-icon-list-item-4cbcb7df\" class=\"wp-block-themeisle-blocks-icon-list-item\"><i class=\"fas fa-phone-alt wp-block-themeisle-blocks-icon-list-item-icon-custom\"><\/i><p class=\"wp-block-themeisle-blocks-icon-list-item-content\"><strong>Num\u00e9ro de t\u00e9l\u00e9phone<\/strong><\/p><\/div>\n<\/div>\n\n\n\n<p class=\"has-ast-global-color-7-color has-text-color has-link-color wp-elements-5d69fd21872f1392a9c96dd19e92ccd2\">+1 888-773-8888<\/p>\n<\/div>\n\n\n\n<div class=\"wp-block-group is-vertical is-layout-flex wp-container-core-group-is-layout-4e62386e wp-block-group-is-layout-flex\" style=\"padding-top:0;padding-right:0;padding-bottom:0;padding-left:0\">\n<div id=\"wp-block-themeisle-blocks-icon-list-c7a73a3a\" class=\"wp-block-themeisle-blocks-icon-list\">\n<div id=\"wp-block-themeisle-blocks-icon-list-item-8fa0ea05\" class=\"wp-block-themeisle-blocks-icon-list-item\"><i class=\"fas fa-at wp-block-themeisle-blocks-icon-list-item-icon-custom\"><\/i><p class=\"wp-block-themeisle-blocks-icon-list-item-content\"><strong>Adresse courriel<\/strong><\/p><\/div>\n<\/div>\n\n\n\n<p class=\"has-ast-global-color-7-color has-text-color has-link-color wp-elements-5e72015ae4118b6022c115447f8ea272\">lucio.entreprise@gmail.com<\/p>\n<\/div>\n<\/div>\n<\/div>\n<\/div>\n<\/div>\n\n\n<div style=\"height:400pxpx;\" class=\"alignwide alignwide ticss-7ffd5b0a wp-block-themeisle-blocks-leaflet-map\" id=\"wp-block-themeisle-blocks-leaflet-map-7ffd5b0a\"><\/div>\n<script type=\"text\/javascript\">\n\t\/* <![CDATA[ *\/\n\t\tif ( ! window.themeisleLeafletMaps ) window.themeisleLeafletMaps =[];\n\t\twindow.themeisleLeafletMaps.push( { container: \"wp-block-themeisle-blocks-leaflet-map-7ffd5b0a\", attributes: {\"id\":\"wp-block-themeisle-blocks-leaflet-map-7ffd5b0a\",\"location\":\"C\\u00f4te de la Montagne, Qu\\u00e9bec QC G1K 4E4\",\"latitude\":\"46.813248346390175\",\"longitude\":\"-71.20142430067064\",\"bbox\":\"-71.21430158615114,46.81031123216911,-71.18855237960817,46.81618530021209\",\"zoom\":16,\"markers\":[{\"id\":\"fc1bb895-7256-4076-b93b-c8eb198b2f5e\",\"latitude\":46.812977799999998751445673406124114990234375,\"longitude\":-71.2035714999999953533915686421096324920654296875,\"title\":\"Lucio\",\"description\":\"\",\"location\":\"C\\u00f4te de la Montagne, Qu\\u00e9bec QC G1K 4E4\"}],\"align\":\"wide\",\"className\":\"ticss-7ffd5b0a\",\"hasCustomCSS\":true,\"customCSS\":\".ticss-7ffd5b0a {\\n  border-radius: 24px;\\n}\\n\",\"height\":\"400px\",\"zoomControl\":true,\"draggable\":true,\"openPopupId\":\"\",\"otterConditions\":[]} } );\n\t\/* ]]> *\/\n<\/script>\n<\/div>\n","protected":false},"excerpt":{"rendered":"<p>Informations C\u00f4te de la Montagne, Qu\u00e9becQC G1K 4E4 Mercredi au dimanche 19h \u00e0 1h +1 888-773-8888 lucio.entreprise@gmail.com<\/p>\n","protected":false},"author":1,"featured_media":0,"parent":0,"menu_order":0,"comment_status":"closed","ping_status":"closed","template":"","meta":{"inline_featured_image":false,"site-sidebar-layout":"default","site-content-layout":"","ast-site-content-layout":"default","site-content-style":"default","site-sidebar-style":"default","ast-global-header-display":"","ast-banner-title-visibility":"","ast-main-header-display":"","ast-hfb-above-header-display":"","ast-hfb-below-header-display":"","ast-hfb-mobile-header-display":"","site-post-title":"disabled","ast-breadcrumbs-content":"","ast-featured-img":"","footer-sml-layout":"","ast-disable-related-posts":"","theme-transparent-header-meta":"","adv-header-id-meta":"","stick-header-meta":"","header-above-stick-meta":"","header-main-stick-meta":"","header-below-stick-meta":"","astra-migrate-meta-layouts":"default","ast-page-background-enabled":"default","ast-page-background-meta":{"desktop":{"background-color":"var(--ast-global-color-5)","background-image":"","background-repeat":"repeat","background-position":"center center","background-size":"auto","background-attachment":"scroll","background-type":"","background-media":"","overlay-type":"","overlay-color":"","overlay-opacity":"","overlay-gradient":""},"tablet":{"background-color":"","background-image":"","background-repeat":"repeat","background-position":"center center","background-size":"auto","background-attachment":"scroll","background-type":"","background-media":"","overlay-type":"","overlay-color":"","overlay-opacity":"","overlay-gradient":""},"mobile":{"background-color":"","background-image":"","background-repeat":"repeat","background-position":"center center","background-size":"auto","background-attachment":"scroll","background-type":"","background-media":"","overlay-type":"","overlay-color":"","overlay-opacity":"","overlay-gradient":""}},"ast-content-background-meta":{"desktop":{"background-color":"var(--ast-global-color-4)","background-image":"","background-repeat":"repeat","background-position":"center center","background-size":"auto","background-attachment":"scroll","background-type":"","background-media":"","overlay-type":"","overlay-color":"","overlay-opacity":"","overlay-gradient":""},"tablet":{"background-color":"var(--ast-global-color-4)","background-image":"","background-repeat":"repeat","background-position":"center center","background-size":"auto","background-attachment":"scroll","background-type":"","background-media":"","overlay-type":"","overlay-color":"","overlay-opacity":"","overlay-gradient":""},"mobile":{"background-color":"var(--ast-global-color-4)","background-image":"","background-repeat":"repeat","background-position":"center center","background-size":"auto","background-attachment":"scroll","background-type":"","background-media":"","overlay-type":"","overlay-color":"","overlay-opacity":"","overlay-gradient":""}},"_themeisle_gutenberg_block_has_review":false,"footnotes":""},"class_list":["post-25","page","type-page","status-publish","hentry"],"_links":{"self":[{"href":"https:\/\/eschmit.dectim.ca\/ep\/lucio\/wp-json\/wp\/v2\/pages\/25","targetHints":{"allow":["GET"]}}],"collection":[{"href":"https:\/\/eschmit.dectim.ca\/ep\/lucio\/wp-json\/wp\/v2\/pages"}],"about":[{"href":"https:\/\/eschmit.dectim.ca\/ep\/lucio\/wp-json\/wp\/v2\/types\/page"}],"author":[{"embeddable":true,"href":"https:\/\/eschmit.dectim.ca\/ep\/lucio\/wp-json\/wp\/v2\/users\/1"}],"replies":[{"embeddable":true,"href":"https:\/\/eschmit.dectim.ca\/ep\/lucio\/wp-json\/wp\/v2\/comments?post=25"}],"version-history":[{"count":33,"href":"https:\/\/eschmit.dectim.ca\/ep\/lucio\/wp-json\/wp\/v2\/pages\/25\/revisions"}],"predecessor-version":[{"id":880,"href":"https:\/\/eschmit.dectim.ca\/ep\/lucio\/wp-json\/wp\/v2\/pages\/25\/revisions\/880"}],"wp:attachment":[{"href":"https:\/\/eschmit.dectim.ca\/ep\/lucio\/wp-json\/wp\/v2\/media?parent=25"}],"curies":[{"name":"wp","href":"https:\/\/api.w.org\/{rel}","templated":true}]}}