{"id":398,"date":"2026-03-21T15:41:14","date_gmt":"2026-03-21T19:41:14","guid":{"rendered":"https:\/\/eschmit.dectim.ca\/ep\/lucio\/?page_id=398"},"modified":"2026-04-22T19:32:26","modified_gmt":"2026-04-22T23:32:26","slug":"visites-libres","status":"publish","type":"page","link":"https:\/\/eschmit.dectim.ca\/ep\/lucio\/visites-libres\/","title":{"rendered":"Visites libres"},"content":{"rendered":"\n<div class=\"wp-block-cover alignfull has-custom-content-position is-position-bottom-left\" style=\"padding-right:10rem;padding-left:10rem;min-height:752px;aspect-ratio:unset;\"><img loading=\"lazy\" decoding=\"async\" width=\"1024\" height=\"368\" class=\"wp-block-cover__image-background wp-image-399 size-large\" alt=\"\" src=\"https:\/\/eschmit.dectim.ca\/ep\/lucio\/wp-content\/uploads\/2026\/03\/Frame-9-1024x368.png\" data-object-fit=\"cover\" srcset=\"https:\/\/eschmit.dectim.ca\/ep\/lucio\/wp-content\/uploads\/2026\/03\/Frame-9-1024x368.png 1024w, https:\/\/eschmit.dectim.ca\/ep\/lucio\/wp-content\/uploads\/2026\/03\/Frame-9-300x108.png 300w, https:\/\/eschmit.dectim.ca\/ep\/lucio\/wp-content\/uploads\/2026\/03\/Frame-9-768x276.png 768w, https:\/\/eschmit.dectim.ca\/ep\/lucio\/wp-content\/uploads\/2026\/03\/Frame-9.png 1348w\" sizes=\"auto, (max-width: 1024px) 100vw, 1024px\" \/><span aria-hidden=\"true\" class=\"wp-block-cover__background has-background-dim wp-block-cover__gradient-background has-background-gradient\" style=\"background:linear-gradient(0deg,rgb(0,0,0) 0%,rgba(0,0,0,0) 100%)\"><\/span><div class=\"wp-block-cover__inner-container is-layout-constrained wp-container-core-cover-is-layout-47741492 wp-block-cover-is-layout-constrained\">\n<h1 class=\"wp-block-heading has-text-align-center has-ast-global-color-3-color has-text-color has-link-color wp-elements-a260bb002729da7d4c5ccd6674bb9847\">Visites libres<\/h1>\n<\/div><\/div>\n\n\n\n<div class=\"wp-block-columns alignwide is-layout-flex wp-container-core-columns-is-layout-dc77ecfd wp-block-columns-is-layout-flex\" style=\"padding-top:50px;padding-right:0;padding-bottom:50px;padding-left:0\">\n<div class=\"wp-block-column has-ast-global-color-8-background-color has-background is-layout-flow wp-block-column-is-layout-flow\" style=\"border-top-left-radius:24px;border-top-right-radius:24px;border-bottom-left-radius:24px;border-bottom-right-radius:24px;flex-basis:66.66%\">\n<div class=\"wp-block-group alignfull is-vertical is-content-justification-left is-layout-flex wp-container-core-group-is-layout-94c5fa31 wp-block-group-is-layout-flex\" style=\"border-top-left-radius:24px;border-top-right-radius:24px;border-bottom-left-radius:24px;border-bottom-right-radius:24px;min-height:0px;padding-top:var(--wp--preset--spacing--50);padding-right:var(--wp--preset--spacing--50);padding-bottom:var(--wp--preset--spacing--50);padding-left:var(--wp--preset--spacing--50)\">\n<h2 class=\"wp-block-heading\" style=\"padding-top:var(--wp--preset--spacing--30)\">Description<\/h2>\n\n\n\n<p>Explorez notre jardin de lumi\u00e8re o\u00f9 chaque pas r\u00e9v\u00e8le une nouvelle ambiance. Accessible \u00e0 tous, la visite int\u00e9rieure vous offre une exp\u00e9rience immersive gr\u00e2ce \u00e0 nos installations lumineuses r\u00e9actives au mouvement.<\/p>\n\n\n\n<p>Nos installations lumineuses sont faites pour se pr\u00e9senter comme un jardin accessible au public. Les visiteurs peuvent se promener dans le jardin pour d\u00e9couvrir nos diff\u00e9rentes installations. Nous invitons tout public, comme les familles, les amis, les couples et les visiteurs, \u00e0 vivre une exp\u00e9rience immersive dans le jardin.<\/p>\n\n\n\n<div class=\"wp-block-buttons is-layout-flex wp-block-buttons-is-layout-flex\" style=\"margin-top:var(--wp--preset--spacing--40);margin-bottom:var(--wp--preset--spacing--40)\">\n<div class=\"wp-block-button\"><a class=\"wp-block-button__link wp-element-button\">R\u00e9servez sa place<\/a><\/div>\n<\/div>\n<\/div>\n<\/div>\n\n\n\n<div class=\"wp-block-column is-layout-flow wp-block-column-is-layout-flow\" style=\"flex-basis:33.33%\">\n<div class=\"wp-block-group is-vertical is-content-justification-stretch is-layout-flex wp-container-core-group-is-layout-353c4f5a wp-block-group-is-layout-flex\">\n<div class=\"wp-block-group is-vertical is-content-justification-stretch is-layout-flex wp-container-core-group-is-layout-59ddc53d wp-block-group-is-layout-flex\" style=\"padding-top:0;padding-right:0;padding-bottom:0;padding-left:0\">\n<figure class=\"wp-block-image size-full has-custom-border is-style-default\" style=\"margin-top:0;margin-bottom:0\"><img loading=\"lazy\" decoding=\"async\" width=\"438\" height=\"584\" src=\"https:\/\/eschmit.dectim.ca\/ep\/lucio\/wp-content\/uploads\/2026\/03\/VisiteLibre_Avant.jpg\" alt=\"\" class=\"wp-image-631\" style=\"border-top-left-radius:24px;border-top-right-radius:24px;border-bottom-left-radius:4px;border-bottom-right-radius:4px;aspect-ratio:3\/2;object-fit:cover\" srcset=\"https:\/\/eschmit.dectim.ca\/ep\/lucio\/wp-content\/uploads\/2026\/03\/VisiteLibre_Avant.jpg 438w, https:\/\/eschmit.dectim.ca\/ep\/lucio\/wp-content\/uploads\/2026\/03\/VisiteLibre_Avant-225x300.jpg 225w\" sizes=\"auto, (max-width: 438px) 100vw, 438px\" \/><\/figure>\n\n\n\n<figure class=\"wp-block-image size-full has-custom-border is-style-default\" style=\"margin-top:0;margin-right:0;margin-bottom:0;margin-left:0\"><img loading=\"lazy\" decoding=\"async\" width=\"386\" height=\"515\" src=\"https:\/\/eschmit.dectim.ca\/ep\/lucio\/wp-content\/uploads\/2026\/03\/VisiteLibre_Apres-edited.jpg\" alt=\"\" class=\"wp-image-636\" style=\"border-top-left-radius:4px;border-top-right-radius:4px;border-bottom-left-radius:24px;border-bottom-right-radius:24px;aspect-ratio:3\/2;object-fit:cover\" srcset=\"https:\/\/eschmit.dectim.ca\/ep\/lucio\/wp-content\/uploads\/2026\/03\/VisiteLibre_Apres-edited.jpg 386w, https:\/\/eschmit.dectim.ca\/ep\/lucio\/wp-content\/uploads\/2026\/03\/VisiteLibre_Apres-edited-225x300.jpg 225w\" sizes=\"auto, (max-width: 386px) 100vw, 386px\" \/><\/figure>\n<\/div>\n<\/div>\n<\/div>\n<\/div>\n\n\n\n<div class=\"wp-block-group alignwide is-vertical is-layout-flex wp-container-core-group-is-layout-c1a14316 wp-block-group-is-layout-flex\" style=\"padding-top:50px;padding-right:0;padding-bottom:50px;padding-left:0\">\n<h2 class=\"wp-block-heading\">D\u00e9monstration<\/h2>\n\n\n\n<p>Avant l\u2019espace est pr\u00e9par\u00e9 et les lumi\u00e8res sont \u00e9teintes, pendant l\u2019installation les lumi\u00e8res et les \u00e9quipements interactifs sont install\u00e9s, apr\u00e8s les lumi\u00e8res s\u2019allument et l\u2019espace devient une exp\u00e9rience immersive pour les visiteurs.<\/p>\n\n\n\n<div class=\"wp-block-columns alignwide is-layout-flex wp-container-core-columns-is-layout-56704cb6 wp-block-columns-is-layout-flex\" style=\"padding-top:0;padding-right:0;padding-bottom:0;padding-left:0\">\n<div class=\"wp-block-column is-layout-flow wp-container-core-column-is-layout-aebd02c8 wp-block-column-is-layout-flow\" style=\"padding-top:0;padding-right:0;padding-bottom:0;padding-left:0\">\n<div class=\"wp-block-group has-ast-global-color-8-background-color has-background is-vertical is-content-justification-center is-layout-flex wp-container-core-group-is-layout-9337a7bb wp-block-group-is-layout-flex\" style=\"border-top-left-radius:24px;border-top-right-radius:24px;border-bottom-left-radius:4px;border-bottom-right-radius:4px;padding-top:var(--wp--preset--spacing--20);padding-right:var(--wp--preset--spacing--20);padding-bottom:var(--wp--preset--spacing--20);padding-left:var(--wp--preset--spacing--20)\">\n<h3 class=\"wp-block-heading has-text-align-center\">Avant<\/h3>\n\n\n\n<p class=\"has-text-align-center\">Apercu de la for\u00eat sans lumi\u00e8re<\/p>\n<\/div>\n\n\n\n<figure class=\"wp-block-image size-full is-resized has-custom-border\"><img loading=\"lazy\" decoding=\"async\" width=\"438\" height=\"584\" src=\"https:\/\/eschmit.dectim.ca\/ep\/lucio\/wp-content\/uploads\/2026\/03\/VisiteLibre_Avant.jpg\" alt=\"\" class=\"wp-image-631\" style=\"border-top-left-radius:4px;border-top-right-radius:4px;border-bottom-left-radius:24px;border-bottom-right-radius:24px;aspect-ratio:0.7500139844492923;object-fit:cover;width:428px;height:auto\" srcset=\"https:\/\/eschmit.dectim.ca\/ep\/lucio\/wp-content\/uploads\/2026\/03\/VisiteLibre_Avant.jpg 438w, https:\/\/eschmit.dectim.ca\/ep\/lucio\/wp-content\/uploads\/2026\/03\/VisiteLibre_Avant-225x300.jpg 225w\" sizes=\"auto, (max-width: 438px) 100vw, 438px\" \/><\/figure>\n<\/div>\n\n\n\n<div class=\"wp-block-column is-layout-flow wp-container-core-column-is-layout-aebd02c8 wp-block-column-is-layout-flow\" style=\"padding-top:0;padding-right:0;padding-bottom:0;padding-left:0\">\n<div class=\"wp-block-group has-ast-global-color-8-background-color has-background is-vertical is-content-justification-center is-layout-flex wp-container-core-group-is-layout-9337a7bb wp-block-group-is-layout-flex\" style=\"border-top-left-radius:24px;border-top-right-radius:24px;border-bottom-left-radius:4px;border-bottom-right-radius:4px;padding-top:var(--wp--preset--spacing--20);padding-right:var(--wp--preset--spacing--20);padding-bottom:var(--wp--preset--spacing--20);padding-left:var(--wp--preset--spacing--20)\">\n<h3 class=\"wp-block-heading has-text-align-center\">Pendant<\/h3>\n\n\n\n<p class=\"has-text-align-center\">Installation des lumi\u00e8res<\/p>\n<\/div>\n\n\n\n<figure class=\"wp-block-image size-full has-custom-border\"><img loading=\"lazy\" decoding=\"async\" width=\"399\" height=\"532\" src=\"https:\/\/eschmit.dectim.ca\/ep\/lucio\/wp-content\/uploads\/2026\/03\/VisiteLibre_Pendant-edited.jpg\" alt=\"\" class=\"wp-image-635\" style=\"border-top-left-radius:4px;border-top-right-radius:4px;border-bottom-left-radius:24px;border-bottom-right-radius:24px\" srcset=\"https:\/\/eschmit.dectim.ca\/ep\/lucio\/wp-content\/uploads\/2026\/03\/VisiteLibre_Pendant-edited.jpg 399w, https:\/\/eschmit.dectim.ca\/ep\/lucio\/wp-content\/uploads\/2026\/03\/VisiteLibre_Pendant-edited-225x300.jpg 225w\" sizes=\"auto, (max-width: 399px) 100vw, 399px\" \/><\/figure>\n<\/div>\n\n\n\n<div class=\"wp-block-column is-layout-flow wp-container-core-column-is-layout-4ed06fcf wp-block-column-is-layout-flow\">\n<div class=\"wp-block-group has-ast-global-color-8-background-color has-background is-vertical is-content-justification-center is-layout-flex wp-container-core-group-is-layout-9337a7bb wp-block-group-is-layout-flex\" style=\"border-top-left-radius:24px;border-top-right-radius:24px;border-bottom-left-radius:4px;border-bottom-right-radius:4px;padding-top:var(--wp--preset--spacing--20);padding-right:var(--wp--preset--spacing--20);padding-bottom:var(--wp--preset--spacing--20);padding-left:var(--wp--preset--spacing--20)\">\n<h3 class=\"wp-block-heading has-text-align-center\">Apr\u00e8s<\/h3>\n\n\n\n<p class=\"has-text-align-center\">Apercu de la for\u00eat avec la lumi\u00e8re<\/p>\n<\/div>\n\n\n\n<figure class=\"wp-block-image size-full is-resized has-custom-border\"><img loading=\"lazy\" decoding=\"async\" width=\"386\" height=\"515\" src=\"https:\/\/eschmit.dectim.ca\/ep\/lucio\/wp-content\/uploads\/2026\/03\/VisiteLibre_Apres-edited.jpg\" alt=\"\" class=\"wp-image-636\" style=\"border-top-left-radius:4px;border-top-right-radius:4px;border-bottom-left-radius:24px;border-bottom-right-radius:24px;width:434px;height:auto\" srcset=\"https:\/\/eschmit.dectim.ca\/ep\/lucio\/wp-content\/uploads\/2026\/03\/VisiteLibre_Apres-edited.jpg 386w, https:\/\/eschmit.dectim.ca\/ep\/lucio\/wp-content\/uploads\/2026\/03\/VisiteLibre_Apres-edited-225x300.jpg 225w\" sizes=\"auto, (max-width: 386px) 100vw, 386px\" \/><\/figure>\n<\/div>\n<\/div>\n<\/div>\n\n\n\n<div class=\"wp-block-columns alignwide is-layout-flex wp-container-core-columns-is-layout-dc77ecfd wp-block-columns-is-layout-flex\" style=\"padding-top:50px;padding-right:0;padding-bottom:50px;padding-left:0\">\n<div class=\"wp-block-column is-layout-flow wp-block-column-is-layout-flow\" style=\"flex-basis:66.66%\">\n<div class=\"wp-block-group has-ast-global-color-8-background-color has-background is-vertical is-layout-flex wp-container-core-group-is-layout-fe78f712 wp-block-group-is-layout-flex\" style=\"border-top-left-radius:24px;border-top-right-radius:24px;border-bottom-left-radius:24px;border-bottom-right-radius:24px;padding-top:20px;padding-right:52px;padding-bottom:20px;padding-left:52px\">\n<h2 class=\"wp-block-heading\">FAQ<\/h2>\n\n\n\n<div class=\"wp-block-group is-layout-grid wp-container-core-group-is-layout-c0a30d40 wp-block-group-is-layout-grid\">\n<h3 class=\"wp-block-heading wp-container-content-ab7c8a95\">Question 1<\/h3>\n\n\n\n<p class=\"wp-container-content-6e689a11\">Combien de temps dure la visite ?<\/p>\n\n\n\n<h3 class=\"wp-block-heading wp-container-content-ab7c8a95\" style=\"margin-right:0;margin-left:0;padding-right:0;padding-left:0\">R\u00e9ponse 1<\/h3>\n\n\n\n<p class=\"wp-container-content-6e689a11\">La visite dure selon votre rythme mais cela dure en moyenne 2h.<\/p>\n<\/div>\n\n\n\n<div class=\"wp-block-group is-layout-grid wp-container-core-group-is-layout-6dca38b2 wp-block-group-is-layout-grid\">\n<h3 class=\"wp-block-heading wp-container-content-ec55e6f3\">Question 2<\/h3>\n\n\n\n<p class=\"wp-container-content-e9b8b0b6\">Est-ce qu\u2019il y a du personnel sur place pour guider ?<\/p>\n\n\n\n<h3 class=\"wp-block-heading has-text-align-left\">R\u00e9ponse 2<\/h3>\n\n\n\n<p class=\"wp-container-content-e9b8b0b6\">Oui, du personnel est pr\u00e9sent sur place pour accueillir les visiteurs et r\u00e9pondre aux questions.<\/p>\n<\/div>\n<\/div>\n<\/div>\n\n\n\n<div class=\"wp-block-column is-layout-flow wp-block-column-is-layout-flow\" style=\"flex-basis:33.33%\">\n<div class=\"wp-block-group is-vertical is-layout-flex wp-container-core-group-is-layout-fe9cc265 wp-block-group-is-layout-flex\">\n<h2 class=\"wp-block-heading\">Technologies utilis\u00e9es<\/h2>\n\n\n\n<div style=\"height:0px\" aria-hidden=\"true\" class=\"wp-block-spacer wp-container-content-16d1eb73\"><\/div>\n\n\n\n<div class=\"wp-block-columns is-layout-flex wp-container-core-columns-is-layout-a5331a9e wp-block-columns-is-layout-flex\" style=\"padding-top:0;padding-right:0;padding-bottom:0;padding-left:0\">\n<div class=\"wp-block-column is-layout-flow wp-block-column-is-layout-flow\">\n<figure class=\"wp-block-image size-full\"><img loading=\"lazy\" decoding=\"async\" width=\"119\" height=\"116\" src=\"https:\/\/eschmit.dectim.ca\/ep\/lucio\/wp-content\/uploads\/2026\/03\/After-Effects-Logo-1-1.png\" alt=\"\" class=\"wp-image-599\"\/><\/figure>\n<\/div>\n\n\n\n<div class=\"wp-block-column is-layout-flow wp-block-column-is-layout-flow\">\n<figure class=\"wp-block-image size-full\"><img loading=\"lazy\" decoding=\"async\" width=\"78\" height=\"117\" src=\"https:\/\/eschmit.dectim.ca\/ep\/lucio\/wp-content\/uploads\/2026\/03\/Figma-logo.svg-1-1.png\" alt=\"\" class=\"wp-image-601\"\/><\/figure>\n<\/div>\n\n\n\n<div class=\"wp-block-column is-layout-flow wp-block-column-is-layout-flow\">\n<figure class=\"wp-block-image size-full\"><img loading=\"lazy\" decoding=\"async\" width=\"119\" height=\"119\" src=\"https:\/\/eschmit.dectim.ca\/ep\/lucio\/wp-content\/uploads\/2026\/03\/touchdesigner-1-1.png\" alt=\"\" class=\"wp-image-600\"\/><\/figure>\n<\/div>\n<\/div>\n<\/div>\n<\/div>\n<\/div>\n\n\n\n<div class=\"wp-block-group alignwide is-layout-constrained wp-container-core-group-is-layout-95e3ea06 wp-block-group-is-layout-constrained\" style=\"padding-top:50px;padding-right:0;padding-bottom:50px;padding-left:0\">\n<h2 class=\"wp-block-heading alignwide\">Autres options<\/h2>\n\n\n\n<div class=\"wp-block-columns alignwide is-layout-flex wp-container-core-columns-is-layout-f0592cef wp-block-columns-is-layout-flex\" style=\"margin-top:var(--wp--preset--spacing--30);margin-bottom:var(--wp--preset--spacing--30);padding-top:0px;padding-right:0;padding-bottom:0px;padding-left:0\">\n<div class=\"wp-block-column is-layout-flow wp-block-column-is-layout-flow\">\n<div class=\"wp-block-group wp-container-content-f67f277b is-vertical is-content-justification-stretch is-layout-flex wp-container-core-group-is-layout-d54ee4c4 wp-block-group-is-layout-flex\" style=\"border-top-left-radius:24px;border-top-right-radius:24px;border-bottom-left-radius:24px;border-bottom-right-radius:24px;margin-top:0;margin-bottom:0;padding-top:0;padding-right:0;padding-bottom:0;padding-left:0\">\n<figure class=\"wp-block-image size-full is-resized has-custom-border\" style=\"margin-top:0;margin-right:0;margin-bottom:0;margin-left:0\"><img loading=\"lazy\" decoding=\"async\" width=\"924\" height=\"520\" src=\"https:\/\/eschmit.dectim.ca\/ep\/lucio\/wp-content\/uploads\/2026\/04\/Frame-77-edited.jpg\" alt=\"\" class=\"wp-image-823\" style=\"border-top-left-radius:24px;border-top-right-radius:24px;border-bottom-left-radius:4px;border-bottom-right-radius:4px;aspect-ratio:16\/9;object-fit:cover;width:546px;height:auto\" srcset=\"https:\/\/eschmit.dectim.ca\/ep\/lucio\/wp-content\/uploads\/2026\/04\/Frame-77-edited.jpg 924w, https:\/\/eschmit.dectim.ca\/ep\/lucio\/wp-content\/uploads\/2026\/04\/Frame-77-edited-300x169.jpg 300w, https:\/\/eschmit.dectim.ca\/ep\/lucio\/wp-content\/uploads\/2026\/04\/Frame-77-edited-768x432.jpg 768w, https:\/\/eschmit.dectim.ca\/ep\/lucio\/wp-content\/uploads\/2026\/04\/Frame-77-edited-500x281.jpg 500w, https:\/\/eschmit.dectim.ca\/ep\/lucio\/wp-content\/uploads\/2026\/04\/Frame-77-edited-800x450.jpg 800w\" sizes=\"auto, (max-width: 924px) 100vw, 924px\" \/><\/figure>\n\n\n\n<div class=\"wp-block-group has-ast-global-color-8-background-color has-background wp-container-content-9cfa9a5a is-vertical is-content-justification-stretch is-layout-flex wp-container-core-group-is-layout-73937bf9 wp-block-group-is-layout-flex\" style=\"border-top-left-radius:4px;border-top-right-radius:4px;border-bottom-left-radius:24px;border-bottom-right-radius:24px;margin-top:0;margin-bottom:4px;padding-top:40px;padding-right:10px;padding-bottom:40px;padding-left:10px\">\n<h3 class=\"wp-block-heading has-text-align-center has-ast-global-color-2-color has-text-color has-link-color wp-elements-a97b944f9727a9b6cf2b487fb160a2d7\"><a href=\"https:\/\/eschmit.dectim.ca\/ep\/lucio\/visites-libres\/\" data-type=\"page\" data-id=\"398\"><a href=\"https:\/\/eschmit.dectim.ca\/ep\/lucio\/locations-privees\/\" data-type=\"page\" data-id=\"421\">Location priv\u00e9e<\/a><\/a><\/h3>\n<\/div>\n<\/div>\n<\/div>\n\n\n\n<div class=\"wp-block-column is-layout-flow wp-block-column-is-layout-flow\">\n<div class=\"wp-block-group wp-container-content-f67f277b is-vertical is-content-justification-stretch is-layout-flex wp-container-core-group-is-layout-d54ee4c4 wp-block-group-is-layout-flex\" style=\"border-top-left-radius:24px;border-top-right-radius:24px;border-bottom-left-radius:24px;border-bottom-right-radius:24px;margin-top:0;margin-bottom:0;padding-top:0;padding-right:0;padding-bottom:0;padding-left:0\">\n<figure class=\"wp-block-image size-full is-resized has-custom-border\" style=\"margin-top:0;margin-right:0;margin-bottom:0;margin-left:0\"><img loading=\"lazy\" decoding=\"async\" width=\"442\" height=\"249\" src=\"https:\/\/eschmit.dectim.ca\/ep\/lucio\/wp-content\/uploads\/2026\/04\/image_lotus-edited.jpg\" alt=\"\" class=\"wp-image-817\" style=\"border-top-left-radius:24px;border-top-right-radius:24px;border-bottom-left-radius:4px;border-bottom-right-radius:4px;aspect-ratio:16\/9;object-fit:cover;width:546px;height:auto\" srcset=\"https:\/\/eschmit.dectim.ca\/ep\/lucio\/wp-content\/uploads\/2026\/04\/image_lotus-edited.jpg 442w, https:\/\/eschmit.dectim.ca\/ep\/lucio\/wp-content\/uploads\/2026\/04\/image_lotus-edited-300x169.jpg 300w\" sizes=\"auto, (max-width: 442px) 100vw, 442px\" \/><\/figure>\n\n\n\n<div class=\"wp-block-group has-ast-global-color-8-background-color has-background wp-container-content-9cfa9a5a is-vertical is-content-justification-stretch is-layout-flex wp-container-core-group-is-layout-73937bf9 wp-block-group-is-layout-flex\" style=\"border-top-left-radius:4px;border-top-right-radius:4px;border-bottom-left-radius:24px;border-bottom-right-radius:24px;margin-top:0;margin-bottom:4px;padding-top:40px;padding-right:10px;padding-bottom:40px;padding-left:10px\">\n<h3 class=\"wp-block-heading has-text-align-center has-ast-global-color-2-color has-text-color has-link-color wp-elements-886632df860d5779e34045b65ea9ef01\"><a href=\"https:\/\/eschmit.dectim.ca\/ep\/lucio\/visites-libres\/\" data-type=\"page\" data-id=\"398\"><\/a><a href=\"https:\/\/eschmit.dectim.ca\/ep\/lucio\/evenements-saisonniers\/\" data-type=\"page\" data-id=\"423\">\u00c9v\u00e9nements saisonniers<\/a><\/h3>\n<\/div>\n<\/div>\n<\/div>\n<\/div>\n<\/div>\n\n\n\n<p><\/p>\n","protected":false},"excerpt":{"rendered":"<p>Description Explorez notre jardin de lumi\u00e8re o\u00f9 chaque pas r\u00e9v\u00e8le une nouvelle ambiance. Accessible \u00e0 tous, la visite int\u00e9rieure vous [&hellip;]<\/p>\n","protected":false},"author":1,"featured_media":0,"parent":0,"menu_order":0,"comment_status":"closed","ping_status":"closed","template":"","meta":{"inline_featured_image":false,"site-sidebar-layout":"default","site-content-layout":"","ast-site-content-layout":"default","site-content-style":"default","site-sidebar-style":"default","ast-global-header-display":"","ast-banner-title-visibility":"","ast-main-header-display":"","ast-hfb-above-header-display":"","ast-hfb-below-header-display":"","ast-hfb-mobile-header-display":"","site-post-title":"disabled","ast-breadcrumbs-content":"","ast-featured-img":"","footer-sml-layout":"","ast-disable-related-posts":"","theme-transparent-header-meta":"","adv-header-id-meta":"","stick-header-meta":"","header-above-stick-meta":"","header-main-stick-meta":"","header-below-stick-meta":"","astra-migrate-meta-layouts":"default","ast-page-background-enabled":"default","ast-page-background-meta":{"desktop":{"background-color":"var(--ast-global-color-5)","background-image":"","background-repeat":"repeat","background-position":"center center","background-size":"auto","background-attachment":"scroll","background-type":"","background-media":"","overlay-type":"","overlay-color":"","overlay-opacity":"","overlay-gradient":""},"tablet":{"background-color":"","background-image":"","background-repeat":"repeat","background-position":"center center","background-size":"auto","background-attachment":"scroll","background-type":"","background-media":"","overlay-type":"","overlay-color":"","overlay-opacity":"","overlay-gradient":""},"mobile":{"background-color":"","background-image":"","background-repeat":"repeat","background-position":"center center","background-size":"auto","background-attachment":"scroll","background-type":"","background-media":"","overlay-type":"","overlay-color":"","overlay-opacity":"","overlay-gradient":""}},"ast-content-background-meta":{"desktop":{"background-color":"var(--ast-global-color-4)","background-image":"","background-repeat":"repeat","background-position":"center center","background-size":"auto","background-attachment":"scroll","background-type":"","background-media":"","overlay-type":"","overlay-color":"","overlay-opacity":"","overlay-gradient":""},"tablet":{"background-color":"var(--ast-global-color-4)","background-image":"","background-repeat":"repeat","background-position":"center center","background-size":"auto","background-attachment":"scroll","background-type":"","background-media":"","overlay-type":"","overlay-color":"","overlay-opacity":"","overlay-gradient":""},"mobile":{"background-color":"var(--ast-global-color-4)","background-image":"","background-repeat":"repeat","background-position":"center center","background-size":"auto","background-attachment":"scroll","background-type":"","background-media":"","overlay-type":"","overlay-color":"","overlay-opacity":"","overlay-gradient":""}},"_themeisle_gutenberg_block_has_review":false,"footnotes":""},"class_list":["post-398","page","type-page","status-publish","hentry"],"_links":{"self":[{"href":"https:\/\/eschmit.dectim.ca\/ep\/lucio\/wp-json\/wp\/v2\/pages\/398","targetHints":{"allow":["GET"]}}],"collection":[{"href":"https:\/\/eschmit.dectim.ca\/ep\/lucio\/wp-json\/wp\/v2\/pages"}],"about":[{"href":"https:\/\/eschmit.dectim.ca\/ep\/lucio\/wp-json\/wp\/v2\/types\/page"}],"author":[{"embeddable":true,"href":"https:\/\/eschmit.dectim.ca\/ep\/lucio\/wp-json\/wp\/v2\/users\/1"}],"replies":[{"embeddable":true,"href":"https:\/\/eschmit.dectim.ca\/ep\/lucio\/wp-json\/wp\/v2\/comments?post=398"}],"version-history":[{"count":47,"href":"https:\/\/eschmit.dectim.ca\/ep\/lucio\/wp-json\/wp\/v2\/pages\/398\/revisions"}],"predecessor-version":[{"id":894,"href":"https:\/\/eschmit.dectim.ca\/ep\/lucio\/wp-json\/wp\/v2\/pages\/398\/revisions\/894"}],"wp:attachment":[{"href":"https:\/\/eschmit.dectim.ca\/ep\/lucio\/wp-json\/wp\/v2\/media?parent=398"}],"curies":[{"name":"wp","href":"https:\/\/api.w.org\/{rel}","templated":true}]}}