{"id":421,"date":"2026-03-22T11:29:07","date_gmt":"2026-03-22T15:29:07","guid":{"rendered":"https:\/\/eschmit.dectim.ca\/ep\/lucio\/?page_id=421"},"modified":"2026-04-15T15:37:17","modified_gmt":"2026-04-15T19:37:17","slug":"locations-privees","status":"publish","type":"page","link":"https:\/\/eschmit.dectim.ca\/ep\/lucio\/locations-privees\/","title":{"rendered":"Locations Priv\u00e9es"},"content":{"rendered":"\n<div class=\"wp-block-cover alignfull has-custom-content-position is-position-bottom-left\" style=\"padding-right:10rem;padding-left:10rem;min-height:752px;aspect-ratio:unset;\"><img loading=\"lazy\" decoding=\"async\" width=\"1024\" height=\"368\" class=\"wp-block-cover__image-background wp-image-528 size-large\" alt=\"\" src=\"https:\/\/eschmit.dectim.ca\/ep\/lucio\/wp-content\/uploads\/2026\/03\/Location_Privee_hero-1024x368.png\" data-object-fit=\"cover\" srcset=\"https:\/\/eschmit.dectim.ca\/ep\/lucio\/wp-content\/uploads\/2026\/03\/Location_Privee_hero-1024x368.png 1024w, https:\/\/eschmit.dectim.ca\/ep\/lucio\/wp-content\/uploads\/2026\/03\/Location_Privee_hero-300x108.png 300w, https:\/\/eschmit.dectim.ca\/ep\/lucio\/wp-content\/uploads\/2026\/03\/Location_Privee_hero-768x276.png 768w, https:\/\/eschmit.dectim.ca\/ep\/lucio\/wp-content\/uploads\/2026\/03\/Location_Privee_hero.png 1348w\" sizes=\"auto, (max-width: 1024px) 100vw, 1024px\" \/><span aria-hidden=\"true\" class=\"wp-block-cover__background has-background-dim wp-block-cover__gradient-background has-background-gradient\" style=\"background:linear-gradient(0deg,rgb(0,0,0) 0%,rgba(0,0,0,0) 100%)\"><\/span><div class=\"wp-block-cover__inner-container is-layout-constrained wp-container-core-cover-is-layout-47741492 wp-block-cover-is-layout-constrained\">\n<h1 class=\"wp-block-heading has-text-align-center has-ast-global-color-3-color has-text-color has-link-color wp-elements-42dd0512569fa954fdad8b6e624140ea\">Locations Priv\u00e9es<\/h1>\n<\/div><\/div>\n\n\n\n<div class=\"wp-block-columns alignwide is-layout-flex wp-container-core-columns-is-layout-dc77ecfd wp-block-columns-is-layout-flex\" style=\"padding-top:50px;padding-right:0;padding-bottom:50px;padding-left:0\">\n<div class=\"wp-block-column has-ast-global-color-8-background-color has-background is-layout-flow wp-block-column-is-layout-flow\" style=\"border-top-left-radius:24px;border-top-right-radius:24px;border-bottom-left-radius:24px;border-bottom-right-radius:24px;flex-basis:66.66%\">\n<div class=\"wp-block-group alignfull is-vertical is-content-justification-left is-layout-flex wp-container-core-group-is-layout-94c5fa31 wp-block-group-is-layout-flex\" style=\"border-top-left-radius:24px;border-top-right-radius:24px;border-bottom-left-radius:24px;border-bottom-right-radius:24px;min-height:0px;padding-top:var(--wp--preset--spacing--50);padding-right:var(--wp--preset--spacing--50);padding-bottom:var(--wp--preset--spacing--50);padding-left:var(--wp--preset--spacing--50)\">\n<h2 class=\"wp-block-heading\" style=\"padding-top:var(--wp--preset--spacing--30)\">Description<\/h2>\n\n\n\n<p>Exp\u00e9rimentez une aventure priv\u00e9e dans notre espace immersif. Id\u00e9al pour les mariages, anniversaires, lancements de produits ou c\u00e9l\u00e9brations sp\u00e9ciales, notre installation s\u2019adapte \u00e0 vos besoins afin de cr\u00e9er une ambiance unique et m\u00e9morable.<\/p>\n\n\n\n<p>Exp\u00e9rimentez une aventure priv\u00e9e dans notre espace immersif. Id\u00e9al pour les mariages, anniversaires, lancements de produits ou c\u00e9l\u00e9brations sp\u00e9ciales, notre installation s\u2019adapte \u00e0 vos besoins afin de cr\u00e9er une ambiance unique et m\u00e9morable.<\/p>\n\n\n\n<div class=\"wp-block-buttons is-layout-flex wp-block-buttons-is-layout-flex\" style=\"margin-top:var(--wp--preset--spacing--40);margin-bottom:var(--wp--preset--spacing--40)\">\n<div class=\"wp-block-button\"><a class=\"wp-block-button__link wp-element-button\">R\u00e9servez sa place<\/a><\/div>\n<\/div>\n<\/div>\n<\/div>\n\n\n\n<div class=\"wp-block-column is-layout-flow wp-block-column-is-layout-flow\" style=\"flex-basis:33.33%\">\n<div class=\"wp-block-group is-vertical is-content-justification-stretch is-layout-flex wp-container-core-group-is-layout-353c4f5a wp-block-group-is-layout-flex\">\n<div class=\"wp-block-group is-vertical is-content-justification-stretch is-layout-flex wp-container-core-group-is-layout-59ddc53d wp-block-group-is-layout-flex\" style=\"padding-top:0;padding-right:0;padding-bottom:0;padding-left:0\">\n<figure class=\"wp-block-image size-large has-custom-border is-style-default\" style=\"margin-top:0;margin-bottom:0\"><img loading=\"lazy\" decoding=\"async\" width=\"1024\" height=\"553\" src=\"https:\/\/eschmit.dectim.ca\/ep\/lucio\/wp-content\/uploads\/2026\/03\/Location_Privee_Avant-1024x553.png\" alt=\"\" class=\"wp-image-516\" style=\"border-top-left-radius:24px;border-top-right-radius:24px;border-bottom-left-radius:4px;border-bottom-right-radius:4px;object-fit:cover\" srcset=\"https:\/\/eschmit.dectim.ca\/ep\/lucio\/wp-content\/uploads\/2026\/03\/Location_Privee_Avant-1024x553.png 1024w, https:\/\/eschmit.dectim.ca\/ep\/lucio\/wp-content\/uploads\/2026\/03\/Location_Privee_Avant-300x162.png 300w, https:\/\/eschmit.dectim.ca\/ep\/lucio\/wp-content\/uploads\/2026\/03\/Location_Privee_Avant-768x415.png 768w, https:\/\/eschmit.dectim.ca\/ep\/lucio\/wp-content\/uploads\/2026\/03\/Location_Privee_Avant.png 1392w\" sizes=\"auto, (max-width: 1024px) 100vw, 1024px\" \/><\/figure>\n\n\n\n<figure class=\"wp-block-image size-large has-custom-border is-style-default\" style=\"margin-top:0;margin-right:0;margin-bottom:0;margin-left:0\"><img loading=\"lazy\" decoding=\"async\" width=\"1024\" height=\"574\" src=\"https:\/\/eschmit.dectim.ca\/ep\/lucio\/wp-content\/uploads\/2026\/03\/Location_Privee_Apres-1024x574.jpeg\" alt=\"\" class=\"wp-image-517\" style=\"border-top-left-radius:4px;border-top-right-radius:4px;border-bottom-left-radius:24px;border-bottom-right-radius:24px;object-fit:cover\" srcset=\"https:\/\/eschmit.dectim.ca\/ep\/lucio\/wp-content\/uploads\/2026\/03\/Location_Privee_Apres-1024x574.jpeg 1024w, https:\/\/eschmit.dectim.ca\/ep\/lucio\/wp-content\/uploads\/2026\/03\/Location_Privee_Apres-300x168.jpeg 300w, https:\/\/eschmit.dectim.ca\/ep\/lucio\/wp-content\/uploads\/2026\/03\/Location_Privee_Apres-768x430.jpeg 768w, https:\/\/eschmit.dectim.ca\/ep\/lucio\/wp-content\/uploads\/2026\/03\/Location_Privee_Apres-1536x861.jpeg 1536w, https:\/\/eschmit.dectim.ca\/ep\/lucio\/wp-content\/uploads\/2026\/03\/Location_Privee_Apres.jpeg 2000w\" sizes=\"auto, (max-width: 1024px) 100vw, 1024px\" \/><\/figure>\n<\/div>\n<\/div>\n<\/div>\n<\/div>\n\n\n\n<div class=\"wp-block-group alignwide is-vertical is-layout-flex wp-container-core-group-is-layout-c1a14316 wp-block-group-is-layout-flex\" style=\"padding-top:50px;padding-right:0;padding-bottom:50px;padding-left:0\">\n<h2 class=\"wp-block-heading\">D\u00e9monstration<\/h2>\n\n\n\n<p>Avant l\u2019espace est pr\u00e9par\u00e9 et les lumi\u00e8res sont \u00e9teintes, pendant l\u2019installation les lumi\u00e8res et les \u00e9quipements interactifs sont install\u00e9s, apr\u00e8s les lumi\u00e8res s\u2019allument et l\u2019espace devient une exp\u00e9rience immersive pour les visiteurs.<\/p>\n\n\n\n<div class=\"wp-block-columns alignwide is-layout-flex wp-container-core-columns-is-layout-56704cb6 wp-block-columns-is-layout-flex\" style=\"padding-top:0;padding-right:0;padding-bottom:0;padding-left:0\">\n<div class=\"wp-block-column is-layout-flow wp-container-core-column-is-layout-aebd02c8 wp-block-column-is-layout-flow\" style=\"padding-top:0;padding-right:0;padding-bottom:0;padding-left:0\">\n<div class=\"wp-block-group has-ast-global-color-8-background-color has-background is-vertical is-content-justification-center is-layout-flex wp-container-core-group-is-layout-9337a7bb wp-block-group-is-layout-flex\" style=\"border-top-left-radius:24px;border-top-right-radius:24px;border-bottom-left-radius:4px;border-bottom-right-radius:4px;padding-top:var(--wp--preset--spacing--20);padding-right:var(--wp--preset--spacing--20);padding-bottom:var(--wp--preset--spacing--20);padding-left:var(--wp--preset--spacing--20)\">\n<h3 class=\"wp-block-heading has-text-align-center\">Avant<\/h3>\n\n\n\n<p class=\"has-text-align-center\">Nos employ\u00e9s vont observer l\u2019environment<\/p>\n<\/div>\n\n\n\n<figure class=\"wp-block-image size-large has-custom-border\"><img loading=\"lazy\" decoding=\"async\" width=\"564\" height=\"752\" src=\"https:\/\/eschmit.dectim.ca\/ep\/lucio\/wp-content\/uploads\/2026\/03\/Location_Privee_Avant-2-edited.png\" alt=\"\" class=\"wp-image-521\" style=\"border-top-left-radius:4px;border-top-right-radius:4px;border-bottom-left-radius:24px;border-bottom-right-radius:24px\" srcset=\"https:\/\/eschmit.dectim.ca\/ep\/lucio\/wp-content\/uploads\/2026\/03\/Location_Privee_Avant-2-edited.png 564w, https:\/\/eschmit.dectim.ca\/ep\/lucio\/wp-content\/uploads\/2026\/03\/Location_Privee_Avant-2-edited-225x300.png 225w\" sizes=\"auto, (max-width: 564px) 100vw, 564px\" \/><\/figure>\n<\/div>\n\n\n\n<div class=\"wp-block-column is-layout-flow wp-container-core-column-is-layout-aebd02c8 wp-block-column-is-layout-flow\" style=\"padding-top:0;padding-right:0;padding-bottom:0;padding-left:0\">\n<div class=\"wp-block-group has-ast-global-color-8-background-color has-background is-vertical is-content-justification-center is-layout-flex wp-container-core-group-is-layout-9337a7bb wp-block-group-is-layout-flex\" style=\"border-top-left-radius:24px;border-top-right-radius:24px;border-bottom-left-radius:4px;border-bottom-right-radius:4px;padding-top:var(--wp--preset--spacing--20);padding-right:var(--wp--preset--spacing--20);padding-bottom:var(--wp--preset--spacing--20);padding-left:var(--wp--preset--spacing--20)\">\n<h3 class=\"wp-block-heading has-text-align-center\">Pendant<\/h3>\n\n\n\n<p class=\"has-text-align-center\">Ils commenceront l\u2019installation des lumi\u00e8res<\/p>\n<\/div>\n\n\n\n<figure class=\"wp-block-image size-full is-resized has-custom-border\"><img loading=\"lazy\" decoding=\"async\" width=\"331\" height=\"441\" src=\"https:\/\/eschmit.dectim.ca\/ep\/lucio\/wp-content\/uploads\/2026\/03\/Location_Privee_Pendant-edited-1.png\" alt=\"\" class=\"wp-image-527\" style=\"border-top-left-radius:4px;border-top-right-radius:4px;border-bottom-left-radius:24px;border-bottom-right-radius:24px;width:434px;height:auto\" srcset=\"https:\/\/eschmit.dectim.ca\/ep\/lucio\/wp-content\/uploads\/2026\/03\/Location_Privee_Pendant-edited-1.png 331w, https:\/\/eschmit.dectim.ca\/ep\/lucio\/wp-content\/uploads\/2026\/03\/Location_Privee_Pendant-edited-1-225x300.png 225w\" sizes=\"auto, (max-width: 331px) 100vw, 331px\" \/><\/figure>\n<\/div>\n\n\n\n<div class=\"wp-block-column is-layout-flow wp-container-core-column-is-layout-4ed06fcf wp-block-column-is-layout-flow\">\n<div class=\"wp-block-group has-ast-global-color-8-background-color has-background is-vertical is-content-justification-center is-layout-flex wp-container-core-group-is-layout-9337a7bb wp-block-group-is-layout-flex\" style=\"border-top-left-radius:24px;border-top-right-radius:24px;border-bottom-left-radius:4px;border-bottom-right-radius:4px;padding-top:var(--wp--preset--spacing--20);padding-right:var(--wp--preset--spacing--20);padding-bottom:var(--wp--preset--spacing--20);padding-left:var(--wp--preset--spacing--20)\">\n<h3 class=\"wp-block-heading has-text-align-center\">Apr\u00e8s<\/h3>\n\n\n\n<p class=\"has-text-align-center\">Sc\u00e8ne finale<\/p>\n<\/div>\n\n\n\n<figure class=\"wp-block-image size-large has-custom-border\"><img loading=\"lazy\" decoding=\"async\" width=\"841\" height=\"1121\" src=\"https:\/\/eschmit.dectim.ca\/ep\/lucio\/wp-content\/uploads\/2026\/03\/Location_Privee_Apres-1-edited.jpeg\" alt=\"\" class=\"wp-image-524\" style=\"border-top-left-radius:4px;border-top-right-radius:4px;border-bottom-left-radius:24px;border-bottom-right-radius:24px\" srcset=\"https:\/\/eschmit.dectim.ca\/ep\/lucio\/wp-content\/uploads\/2026\/03\/Location_Privee_Apres-1-edited.jpeg 841w, https:\/\/eschmit.dectim.ca\/ep\/lucio\/wp-content\/uploads\/2026\/03\/Location_Privee_Apres-1-edited-225x300.jpeg 225w, https:\/\/eschmit.dectim.ca\/ep\/lucio\/wp-content\/uploads\/2026\/03\/Location_Privee_Apres-1-edited-768x1024.jpeg 768w\" sizes=\"auto, (max-width: 841px) 100vw, 841px\" \/><\/figure>\n<\/div>\n<\/div>\n<\/div>\n\n\n\n<div class=\"wp-block-columns alignwide is-layout-flex wp-container-core-columns-is-layout-dc77ecfd wp-block-columns-is-layout-flex\" style=\"padding-top:50px;padding-right:0;padding-bottom:50px;padding-left:0\">\n<div class=\"wp-block-column is-layout-flow wp-block-column-is-layout-flow\" style=\"flex-basis:66.66%\">\n<div class=\"wp-block-group has-ast-global-color-8-background-color has-background is-vertical is-layout-flex wp-container-core-group-is-layout-fe78f712 wp-block-group-is-layout-flex\" style=\"border-top-left-radius:24px;border-top-right-radius:24px;border-bottom-left-radius:24px;border-bottom-right-radius:24px;padding-top:20px;padding-right:52px;padding-bottom:20px;padding-left:52px\">\n<h2 class=\"wp-block-heading\">FAQ<\/h2>\n\n\n\n<div class=\"wp-block-group alignwide is-layout-grid wp-container-core-group-is-layout-6dca38b2 wp-block-group-is-layout-grid\">\n<h3 class=\"wp-block-heading\">Question 1<\/h3>\n\n\n\n<p class=\"wp-container-content-e9b8b0b6\">Comment r\u00e9server?<\/p>\n\n\n\n<h3 class=\"wp-block-heading\">R\u00e9ponse 1<\/h3>\n\n\n\n<p class=\"wp-container-content-e9b8b0b6\">Vous devrez cliquer sur le boutons \u201cR\u00e9server votre place\u00a0\u00bb ou cliquer sur le boutons \u201cBilletterie\u00a0\u00bb dans le menu en haut \u00e0 droite?<\/p>\n<\/div>\n\n\n\n<div class=\"wp-block-group is-layout-grid wp-container-core-group-is-layout-6dca38b2 wp-block-group-is-layout-grid\">\n<h3 class=\"wp-block-heading\">Question 2<\/h3>\n\n\n\n<p class=\"wp-container-content-e9b8b0b6\">Est-ce que \u00e7a vaut vraiment le prix ?<\/p>\n\n\n\n<h3 class=\"wp-block-heading has-text-align-left\">R\u00e9ponse 2<\/h3>\n\n\n\n<p class=\"wp-container-content-e9b8b0b6\">Absolument, nous voulons que nos clients soient satisfaits de notre produit. C\u2019est pourquoi notre travail est \u00e9quivalent aux prix.&nbsp;<\/p>\n<\/div>\n<\/div>\n<\/div>\n\n\n\n<div class=\"wp-block-column is-layout-flow wp-block-column-is-layout-flow\" style=\"flex-basis:33.33%\">\n<div class=\"wp-block-group is-vertical is-layout-flex wp-container-core-group-is-layout-fe9cc265 wp-block-group-is-layout-flex\">\n<h2 class=\"wp-block-heading\">Technologies utilis\u00e9es<\/h2>\n\n\n\n<div style=\"height:0px\" aria-hidden=\"true\" class=\"wp-block-spacer wp-container-content-16d1eb73\"><\/div>\n\n\n\n<div class=\"wp-block-columns is-layout-flex wp-container-core-columns-is-layout-a5331a9e wp-block-columns-is-layout-flex\" style=\"padding-top:0;padding-right:0;padding-bottom:0;padding-left:0\">\n<div class=\"wp-block-column is-layout-flow wp-block-column-is-layout-flow\">\n<figure class=\"wp-block-image size-full\"><img loading=\"lazy\" decoding=\"async\" width=\"119\" height=\"116\" src=\"https:\/\/eschmit.dectim.ca\/ep\/lucio\/wp-content\/uploads\/2026\/03\/After-Effects-Logo-1-1.png\" alt=\"\" class=\"wp-image-599\"\/><\/figure>\n<\/div>\n\n\n\n<div class=\"wp-block-column is-layout-flow wp-block-column-is-layout-flow\">\n<figure class=\"wp-block-image size-full\"><img loading=\"lazy\" decoding=\"async\" width=\"78\" height=\"117\" src=\"https:\/\/eschmit.dectim.ca\/ep\/lucio\/wp-content\/uploads\/2026\/03\/Figma-logo.svg-1-1.png\" alt=\"\" class=\"wp-image-601\"\/><\/figure>\n<\/div>\n\n\n\n<div class=\"wp-block-column is-layout-flow wp-block-column-is-layout-flow\">\n<figure class=\"wp-block-image size-full\"><img loading=\"lazy\" decoding=\"async\" width=\"119\" height=\"119\" src=\"https:\/\/eschmit.dectim.ca\/ep\/lucio\/wp-content\/uploads\/2026\/03\/touchdesigner-1-1.png\" alt=\"\" class=\"wp-image-600\"\/><\/figure>\n<\/div>\n<\/div>\n<\/div>\n<\/div>\n<\/div>\n\n\n\n<div class=\"wp-block-group alignwide is-layout-constrained wp-container-core-group-is-layout-95e3ea06 wp-block-group-is-layout-constrained\" style=\"padding-top:50px;padding-right:0;padding-bottom:50px;padding-left:0\">\n<h2 class=\"wp-block-heading alignwide\">Autres options<\/h2>\n\n\n\n<div class=\"wp-block-columns alignwide is-layout-flex wp-container-core-columns-is-layout-f0592cef wp-block-columns-is-layout-flex\" style=\"margin-top:var(--wp--preset--spacing--30);margin-bottom:var(--wp--preset--spacing--30);padding-top:0px;padding-right:0;padding-bottom:0px;padding-left:0\">\n<div class=\"wp-block-column is-layout-flow wp-block-column-is-layout-flow\">\n<div class=\"wp-block-group wp-container-content-f67f277b is-vertical is-content-justification-stretch is-layout-flex wp-container-core-group-is-layout-d54ee4c4 wp-block-group-is-layout-flex\" style=\"border-top-left-radius:24px;border-top-right-radius:24px;border-bottom-left-radius:24px;border-bottom-right-radius:24px;margin-top:0;margin-bottom:0;padding-top:0;padding-right:0;padding-bottom:0;padding-left:0\">\n<figure class=\"wp-block-image size-full is-resized has-custom-border\" style=\"margin-top:0;margin-right:0;margin-bottom:0;margin-left:0\"><img loading=\"lazy\" decoding=\"async\" width=\"862\" height=\"485\" src=\"https:\/\/eschmit.dectim.ca\/ep\/lucio\/wp-content\/uploads\/2026\/04\/Frame-9-edited.png\" alt=\"\" class=\"wp-image-816\" style=\"border-top-left-radius:24px;border-top-right-radius:24px;border-bottom-left-radius:4px;border-bottom-right-radius:4px;aspect-ratio:16\/9;object-fit:cover;width:546px;height:auto\" srcset=\"https:\/\/eschmit.dectim.ca\/ep\/lucio\/wp-content\/uploads\/2026\/04\/Frame-9-edited.png 862w, https:\/\/eschmit.dectim.ca\/ep\/lucio\/wp-content\/uploads\/2026\/04\/Frame-9-edited-300x169.png 300w, https:\/\/eschmit.dectim.ca\/ep\/lucio\/wp-content\/uploads\/2026\/04\/Frame-9-edited-768x432.png 768w, https:\/\/eschmit.dectim.ca\/ep\/lucio\/wp-content\/uploads\/2026\/04\/Frame-9-edited-500x281.png 500w, https:\/\/eschmit.dectim.ca\/ep\/lucio\/wp-content\/uploads\/2026\/04\/Frame-9-edited-800x450.png 800w\" sizes=\"auto, (max-width: 862px) 100vw, 862px\" \/><\/figure>\n\n\n\n<div class=\"wp-block-group has-ast-global-color-8-background-color has-background wp-container-content-9cfa9a5a is-vertical is-content-justification-stretch is-layout-flex wp-container-core-group-is-layout-73937bf9 wp-block-group-is-layout-flex\" style=\"border-top-left-radius:4px;border-top-right-radius:4px;border-bottom-left-radius:24px;border-bottom-right-radius:24px;margin-top:0;margin-bottom:4px;padding-top:40px;padding-right:10px;padding-bottom:40px;padding-left:10px\">\n<h3 class=\"wp-block-heading has-text-align-center has-ast-global-color-2-color has-text-color has-link-color wp-elements-b6f2cbbcb1703712baa36bb2a297dbbf\"><a href=\"https:\/\/eschmit.dectim.ca\/ep\/lucio\/visites-libres\/\" data-type=\"page\" data-id=\"398\">Visites libres<\/a><\/h3>\n<\/div>\n<\/div>\n<\/div>\n\n\n\n<div class=\"wp-block-column is-layout-flow wp-block-column-is-layout-flow\">\n<div class=\"wp-block-group wp-container-content-f67f277b is-vertical is-content-justification-stretch is-layout-flex wp-container-core-group-is-layout-d54ee4c4 wp-block-group-is-layout-flex\" style=\"border-top-left-radius:24px;border-top-right-radius:24px;border-bottom-left-radius:24px;border-bottom-right-radius:24px;margin-top:0;margin-bottom:0;padding-top:0;padding-right:0;padding-bottom:0;padding-left:0\">\n<figure class=\"wp-block-image size-full is-resized has-custom-border\" style=\"margin-top:0;margin-right:0;margin-bottom:0;margin-left:0\"><img loading=\"lazy\" decoding=\"async\" width=\"442\" height=\"249\" src=\"https:\/\/eschmit.dectim.ca\/ep\/lucio\/wp-content\/uploads\/2026\/04\/image_lotus-edited.jpg\" alt=\"\" class=\"wp-image-817\" style=\"border-top-left-radius:24px;border-top-right-radius:24px;border-bottom-left-radius:4px;border-bottom-right-radius:4px;aspect-ratio:16\/9;object-fit:cover;width:546px;height:auto\" srcset=\"https:\/\/eschmit.dectim.ca\/ep\/lucio\/wp-content\/uploads\/2026\/04\/image_lotus-edited.jpg 442w, https:\/\/eschmit.dectim.ca\/ep\/lucio\/wp-content\/uploads\/2026\/04\/image_lotus-edited-300x169.jpg 300w\" sizes=\"auto, (max-width: 442px) 100vw, 442px\" \/><\/figure>\n\n\n\n<div class=\"wp-block-group has-ast-global-color-8-background-color has-background wp-container-content-9cfa9a5a is-vertical is-content-justification-stretch is-layout-flex wp-container-core-group-is-layout-73937bf9 wp-block-group-is-layout-flex\" style=\"border-top-left-radius:4px;border-top-right-radius:4px;border-bottom-left-radius:24px;border-bottom-right-radius:24px;margin-top:0;margin-bottom:4px;padding-top:40px;padding-right:10px;padding-bottom:40px;padding-left:10px\">\n<h3 class=\"wp-block-heading has-text-align-center has-ast-global-color-2-color has-text-color has-link-color wp-elements-886632df860d5779e34045b65ea9ef01\"><a href=\"https:\/\/eschmit.dectim.ca\/ep\/lucio\/visites-libres\/\" data-type=\"page\" data-id=\"398\"><\/a><a href=\"https:\/\/eschmit.dectim.ca\/ep\/lucio\/evenements-saisonniers\/\" data-type=\"page\" data-id=\"423\">\u00c9v\u00e9nements saisonniers<\/a><\/h3>\n<\/div>\n<\/div>\n<\/div>\n<\/div>\n<\/div>\n\n\n\n<p><\/p>\n","protected":false},"excerpt":{"rendered":"<p>Description Exp\u00e9rimentez une aventure priv\u00e9e dans notre espace immersif. Id\u00e9al pour les mariages, anniversaires, lancements de produits ou c\u00e9l\u00e9brations sp\u00e9ciales, [&hellip;]<\/p>\n","protected":false},"author":2,"featured_media":0,"parent":0,"menu_order":0,"comment_status":"closed","ping_status":"closed","template":"","meta":{"inline_featured_image":false,"site-sidebar-layout":"default","site-content-layout":"","ast-site-content-layout":"default","site-content-style":"default","site-sidebar-style":"default","ast-global-header-display":"","ast-banner-title-visibility":"","ast-main-header-display":"","ast-hfb-above-header-display":"","ast-hfb-below-header-display":"","ast-hfb-mobile-header-display":"","site-post-title":"disabled","ast-breadcrumbs-content":"","ast-featured-img":"","footer-sml-layout":"","ast-disable-related-posts":"","theme-transparent-header-meta":"","adv-header-id-meta":"","stick-header-meta":"","header-above-stick-meta":"","header-main-stick-meta":"","header-below-stick-meta":"","astra-migrate-meta-layouts":"default","ast-page-background-enabled":"default","ast-page-background-meta":{"desktop":{"background-color":"var(--ast-global-color-5)","background-image":"","background-repeat":"repeat","background-position":"center center","background-size":"auto","background-attachment":"scroll","background-type":"","background-media":"","overlay-type":"","overlay-color":"","overlay-opacity":"","overlay-gradient":""},"tablet":{"background-color":"","background-image":"","background-repeat":"repeat","background-position":"center center","background-size":"auto","background-attachment":"scroll","background-type":"","background-media":"","overlay-type":"","overlay-color":"","overlay-opacity":"","overlay-gradient":""},"mobile":{"background-color":"","background-image":"","background-repeat":"repeat","background-position":"center center","background-size":"auto","background-attachment":"scroll","background-type":"","background-media":"","overlay-type":"","overlay-color":"","overlay-opacity":"","overlay-gradient":""}},"ast-content-background-meta":{"desktop":{"background-color":"var(--ast-global-color-4)","background-image":"","background-repeat":"repeat","background-position":"center center","background-size":"auto","background-attachment":"scroll","background-type":"","background-media":"","overlay-type":"","overlay-color":"","overlay-opacity":"","overlay-gradient":""},"tablet":{"background-color":"var(--ast-global-color-4)","background-image":"","background-repeat":"repeat","background-position":"center center","background-size":"auto","background-attachment":"scroll","background-type":"","background-media":"","overlay-type":"","overlay-color":"","overlay-opacity":"","overlay-gradient":""},"mobile":{"background-color":"var(--ast-global-color-4)","background-image":"","background-repeat":"repeat","background-position":"center center","background-size":"auto","background-attachment":"scroll","background-type":"","background-media":"","overlay-type":"","overlay-color":"","overlay-opacity":"","overlay-gradient":""}},"_themeisle_gutenberg_block_has_review":false,"footnotes":""},"class_list":["post-421","page","type-page","status-publish","hentry"],"_links":{"self":[{"href":"https:\/\/eschmit.dectim.ca\/ep\/lucio\/wp-json\/wp\/v2\/pages\/421","targetHints":{"allow":["GET"]}}],"collection":[{"href":"https:\/\/eschmit.dectim.ca\/ep\/lucio\/wp-json\/wp\/v2\/pages"}],"about":[{"href":"https:\/\/eschmit.dectim.ca\/ep\/lucio\/wp-json\/wp\/v2\/types\/page"}],"author":[{"embeddable":true,"href":"https:\/\/eschmit.dectim.ca\/ep\/lucio\/wp-json\/wp\/v2\/users\/2"}],"replies":[{"embeddable":true,"href":"https:\/\/eschmit.dectim.ca\/ep\/lucio\/wp-json\/wp\/v2\/comments?post=421"}],"version-history":[{"count":14,"href":"https:\/\/eschmit.dectim.ca\/ep\/lucio\/wp-json\/wp\/v2\/pages\/421\/revisions"}],"predecessor-version":[{"id":843,"href":"https:\/\/eschmit.dectim.ca\/ep\/lucio\/wp-json\/wp\/v2\/pages\/421\/revisions\/843"}],"wp:attachment":[{"href":"https:\/\/eschmit.dectim.ca\/ep\/lucio\/wp-json\/wp\/v2\/media?parent=421"}],"curies":[{"name":"wp","href":"https:\/\/api.w.org\/{rel}","templated":true}]}}