{"id":436,"date":"2026-03-22T11:42:13","date_gmt":"2026-03-22T15:42:13","guid":{"rendered":"https:\/\/eschmit.dectim.ca\/ep\/lucio\/?page_id=436"},"modified":"2026-04-15T15:42:05","modified_gmt":"2026-04-15T19:42:05","slug":"projet-de-samuel","status":"publish","type":"page","link":"https:\/\/eschmit.dectim.ca\/ep\/lucio\/projet-de-samuel\/","title":{"rendered":"Projet de Samuel"},"content":{"rendered":"\n<div class=\"wp-block-cover alignfull has-custom-content-position is-position-top-left\" style=\"min-height:824px;aspect-ratio:unset;\"><img loading=\"lazy\" decoding=\"async\" width=\"1366\" height=\"1008\" class=\"wp-block-cover__image-background wp-image-725 size-full\" alt=\"\" src=\"https:\/\/eschmit.dectim.ca\/ep\/lucio\/wp-content\/uploads\/2026\/03\/Couverture.jpg\" style=\"object-position:55% 62%\" data-object-fit=\"cover\" data-object-position=\"55% 62%\" srcset=\"https:\/\/eschmit.dectim.ca\/ep\/lucio\/wp-content\/uploads\/2026\/03\/Couverture.jpg 1366w, https:\/\/eschmit.dectim.ca\/ep\/lucio\/wp-content\/uploads\/2026\/03\/Couverture-300x221.jpg 300w, https:\/\/eschmit.dectim.ca\/ep\/lucio\/wp-content\/uploads\/2026\/03\/Couverture-1024x756.jpg 1024w, https:\/\/eschmit.dectim.ca\/ep\/lucio\/wp-content\/uploads\/2026\/03\/Couverture-768x567.jpg 768w\" sizes=\"auto, (max-width: 1366px) 100vw, 1366px\" \/><span aria-hidden=\"true\" class=\"wp-block-cover__background has-background-dim\"><\/span><div class=\"wp-block-cover__inner-container is-layout-constrained wp-block-cover-is-layout-constrained\">\n<h1 class=\"wp-block-heading alignwide has-text-align-center has-ast-global-color-2-color has-text-color has-link-color wp-elements-d645d4a9ed636149d2ea5f8b05b95cce\">URBANIA<\/h1>\n<\/div><\/div>\n\n\n\n<div style=\"height:100px\" aria-hidden=\"true\" class=\"wp-block-spacer\"><\/div>\n\n\n\n<div class=\"wp-block-group alignwide has-ast-global-color-5-background-color has-background is-layout-constrained wp-block-group-is-layout-constrained\" style=\"border-top-left-radius:24px;border-top-right-radius:24px;border-bottom-left-radius:24px;border-bottom-right-radius:24px\">\n<div class=\"wp-block-columns is-layout-flex wp-container-core-columns-is-layout-28f84493 wp-block-columns-is-layout-flex\">\n<div class=\"wp-block-column is-vertically-aligned-top is-layout-flow wp-block-column-is-layout-flow\" style=\"flex-basis:66.66%\">\n<h2 class=\"wp-block-heading\"><strong>Projet URBANIA<\/strong><\/h2>\n\n\n\n<div class=\"wp-block-group is-vertical is-layout-flex wp-container-core-group-is-layout-fe9cc265 wp-block-group-is-layout-flex\">\n<p>Cr\u00e9\u00e9 par <strong>Samuel Robert Ngogang-Tchamegni<\/strong><\/p>\n\n\n\n<p>Dans le cadre du cours de design, je devais cr\u00e9er un magazine urbain pour la compagnie Urbania. Le magazine s\u2019adresse \u00e0 un public de jeunes adultes, principalement \u00e2g\u00e9s de 18 \u00e0 35 ans, curieux, ouverts d\u2019esprit et ancr\u00e9s dans la vie urbaine. Mon magazine devait traiter d\u2019un enjeu culturel ou social touchant les jeunes adultes, avec une touche d\u2019humour. Le logiciel que j\u2019ai utilis\u00e9 est Figma afin de concevoir mon magazine.<\/p>\n\n\n\n<p>La r\u00e9alisation de mon projet s\u2019est faite en trois \u00e9tapes:<\/p>\n<\/div>\n\n\n\n<h2 class=\"wp-block-heading\">Processus de cr\u00e9ation<\/h2>\n\n\n\n<div class=\"wp-block-group is-vertical is-layout-flex wp-container-core-group-is-layout-fe9cc265 wp-block-group-is-layout-flex\">\n<ol style=\"padding-right:var(--wp--preset--spacing--40);padding-left:var(--wp--preset--spacing--40)\" class=\"wp-block-list\">\n<li>Moodboard<\/li>\n\n\n\n<li>Recherche d&rsquo;images de contenus<\/li>\n\n\n\n<li>Diff\u00e9rents maquettes<\/li>\n<\/ol>\n\n\n\n<div class=\"wp-block-group is-vertical is-layout-flex wp-container-core-group-is-layout-fe9cc265 wp-block-group-is-layout-flex\">\n<h3 class=\"wp-block-heading\">Logiciels utilis\u00e9s<\/h3>\n\n\n\n<figure class=\"wp-block-image size-full\"><img loading=\"lazy\" decoding=\"async\" width=\"78\" height=\"117\" src=\"https:\/\/eschmit.dectim.ca\/ep\/lucio\/wp-content\/uploads\/2026\/03\/Figma-logo.svg-1-1.png\" alt=\"\" class=\"wp-image-601\"\/><\/figure>\n<\/div>\n<\/div>\n<\/div>\n\n\n\n<div class=\"wp-block-column is-layout-flow wp-block-column-is-layout-flow\" style=\"flex-basis:33.33%\">\n<div class=\"wp-block-group is-vertical is-layout-flex wp-container-core-group-is-layout-fe9cc265 wp-block-group-is-layout-flex\">\n<div class=\"wp-block-group is-vertical is-layout-flex wp-container-core-group-is-layout-fe9cc265 wp-block-group-is-layout-flex\">\n<div class=\"wp-block-group has-ast-global-color-8-background-color has-background is-vertical is-content-justification-center is-layout-flex wp-container-core-group-is-layout-6889a30e wp-block-group-is-layout-flex\" style=\"border-top-left-radius:24px;border-top-right-radius:24px;border-bottom-left-radius:4px;border-bottom-right-radius:4px;margin-top:0;margin-bottom:0;padding-top:0px;padding-right:0px;padding-bottom:0px;padding-left:0px\">\n<p>Moodboard<\/p>\n\n\n\n<figure class=\"wp-block-image size-full has-custom-border is-style-default\" style=\"margin-top:0;margin-bottom:0\"><img loading=\"lazy\" decoding=\"async\" width=\"2560\" height=\"1582\" src=\"https:\/\/eschmit.dectim.ca\/ep\/lucio\/wp-content\/uploads\/2026\/03\/Inspiration-scaled.jpg\" alt=\"\" class=\"wp-image-727\" style=\"border-top-left-radius:4px;border-top-right-radius:4px;border-bottom-left-radius:4px;border-bottom-right-radius:4px\" srcset=\"https:\/\/eschmit.dectim.ca\/ep\/lucio\/wp-content\/uploads\/2026\/03\/Inspiration-scaled.jpg 2560w, https:\/\/eschmit.dectim.ca\/ep\/lucio\/wp-content\/uploads\/2026\/03\/Inspiration-300x185.jpg 300w, https:\/\/eschmit.dectim.ca\/ep\/lucio\/wp-content\/uploads\/2026\/03\/Inspiration-1024x633.jpg 1024w, https:\/\/eschmit.dectim.ca\/ep\/lucio\/wp-content\/uploads\/2026\/03\/Inspiration-768x475.jpg 768w, https:\/\/eschmit.dectim.ca\/ep\/lucio\/wp-content\/uploads\/2026\/03\/Inspiration-1536x949.jpg 1536w, https:\/\/eschmit.dectim.ca\/ep\/lucio\/wp-content\/uploads\/2026\/03\/Inspiration-2048x1265.jpg 2048w\" sizes=\"auto, (max-width: 2560px) 100vw, 2560px\" \/><\/figure>\n<\/div>\n<\/div>\n\n\n\n<div class=\"wp-block-group is-vertical is-layout-flex wp-container-core-group-is-layout-fe9cc265 wp-block-group-is-layout-flex\">\n<div class=\"wp-block-group has-ast-global-color-8-background-color has-background is-vertical is-content-justification-center is-layout-flex wp-container-core-group-is-layout-591a1b01 wp-block-group-is-layout-flex\" style=\"border-top-left-radius:4px;border-top-right-radius:4px;border-bottom-left-radius:24px;border-bottom-right-radius:24px;min-height:0px;padding-top:0px;padding-bottom:0px\">\n<p>Recherche d&rsquo;images de contenus<\/p>\n\n\n\n<figure class=\"wp-block-image size-full has-custom-border\" style=\"margin-top:0;margin-bottom:0\"><img loading=\"lazy\" decoding=\"async\" width=\"2560\" height=\"1701\" src=\"https:\/\/eschmit.dectim.ca\/ep\/lucio\/wp-content\/uploads\/2026\/03\/Recherche-dimages-de-contenus-scaled.jpg\" alt=\"\" class=\"wp-image-728\" style=\"border-top-left-radius:4px;border-top-right-radius:4px;border-bottom-left-radius:4px;border-bottom-right-radius:4px\" srcset=\"https:\/\/eschmit.dectim.ca\/ep\/lucio\/wp-content\/uploads\/2026\/03\/Recherche-dimages-de-contenus-scaled.jpg 2560w, https:\/\/eschmit.dectim.ca\/ep\/lucio\/wp-content\/uploads\/2026\/03\/Recherche-dimages-de-contenus-300x199.jpg 300w, https:\/\/eschmit.dectim.ca\/ep\/lucio\/wp-content\/uploads\/2026\/03\/Recherche-dimages-de-contenus-1024x681.jpg 1024w, https:\/\/eschmit.dectim.ca\/ep\/lucio\/wp-content\/uploads\/2026\/03\/Recherche-dimages-de-contenus-768x510.jpg 768w, https:\/\/eschmit.dectim.ca\/ep\/lucio\/wp-content\/uploads\/2026\/03\/Recherche-dimages-de-contenus-1536x1021.jpg 1536w, https:\/\/eschmit.dectim.ca\/ep\/lucio\/wp-content\/uploads\/2026\/03\/Recherche-dimages-de-contenus-2048x1361.jpg 2048w\" sizes=\"auto, (max-width: 2560px) 100vw, 2560px\" \/><\/figure>\n<\/div>\n<\/div>\n<\/div>\n<\/div>\n<\/div>\n\n\n\n<div class=\"wp-block-columns alignwide is-layout-flex wp-container-core-columns-is-layout-28f84493 wp-block-columns-is-layout-flex\">\n<div class=\"wp-block-column is-layout-flow wp-block-column-is-layout-flow\">\n<h3 class=\"wp-block-heading\">Defi<\/h3>\n\n\n\n<p>Au d\u00e9but, je n\u2019\u00e9tais vraiment pas s\u00fbr de l\u2019esth\u00e9tique que je voulais adopter. J\u2019avais d\u00e9j\u00e0 le nom de mon site, mais je ne savais pas encore quelle direction artistique je voulais prendre. Donc, mon principal d\u00e9fi a vraiment \u00e9t\u00e9 de trouver l\u2019inspiration et de d\u00e9finir clairement l\u2019esth\u00e9tique de mon projet.<\/p>\n<\/div>\n\n\n\n<div class=\"wp-block-column is-layout-flow wp-block-column-is-layout-flow\">\n<h3 class=\"wp-block-heading\">R\u00e9sultat<\/h3>\n\n\n\n<p>Les \u00e9l\u00e9ments de mon projet sont des doodles et des images libres de droits. Leur m\u00e9lange avec mon style graphique cr\u00e9e un effet de collage inspir\u00e9 de l\u2019esth\u00e9tique des journaux et des magazines, ce qui correspond \u00e0 l\u2019aspect que je voulais donner \u00e0 mon projet.<\/p>\n\n\n\n<p>Pour terminer, j\u2019ai finalis\u00e9 mon projet en ajustant les parties qui ont \u00e9t\u00e9 critiqu\u00e9es par mon professeur de design. Voici le r\u00e9sultat.<\/p>\n<\/div>\n<\/div>\n<\/div>\n\n\n\n<h2 class=\"wp-block-heading alignwide\" style=\"margin-right:0;margin-bottom:var(--wp--preset--spacing--20);margin-left:0;padding-right:0;padding-left:0\">Projet final<\/h2>\n\n\n\n<div class=\"wp-block-cover alignwide has-custom-content-position is-position-bottom-center\" style=\"border-top-left-radius:24px;border-top-right-radius:24px;border-bottom-left-radius:24px;border-bottom-right-radius:24px;padding-top:var(--wp--preset--spacing--40);padding-bottom:var(--wp--preset--spacing--40)\"><span aria-hidden=\"true\" class=\"wp-block-cover__background has-ast-global-color-5-background-color has-background-dim-100 has-background-dim\"><\/span><div class=\"wp-block-cover__inner-container is-layout-constrained wp-block-cover-is-layout-constrained\">\n<figure class=\"wp-block-embed is-type-video is-provider-youtube wp-block-embed-youtube wp-embed-aspect-16-9 wp-has-aspect-ratio\"><div class=\"wp-block-embed__wrapper\">\n<iframe loading=\"lazy\" title=\"1021 Ngogang Samuel TP2 \u2013 Urbania\" width=\"500\" height=\"281\" src=\"https:\/\/www.youtube.com\/embed\/XAF7jMzK5WM?feature=oembed\" frameborder=\"0\" allow=\"accelerometer; autoplay; clipboard-write; encrypted-media; gyroscope; picture-in-picture; web-share\" referrerpolicy=\"strict-origin-when-cross-origin\" allowfullscreen><\/iframe>\n<\/div><\/figure>\n<\/div><\/div>\n\n\n\n<div class=\"wp-block-group alignfull is-layout-constrained wp-block-group-is-layout-constrained\">\n<h2 class=\"wp-block-heading alignwide\" style=\"margin-top:var(--wp--preset--spacing--60);margin-bottom:var(--wp--preset--spacing--20)\">Tous les projets<\/h2>\n\n\n\n<div class=\"wp-block-columns alignwide is-layout-flex wp-container-core-columns-is-layout-62b1d4c9 wp-block-columns-is-layout-flex\" style=\"padding-top:0;padding-right:0;padding-bottom:0;padding-left:0\">\n<div class=\"wp-block-column is-layout-flow wp-block-column-is-layout-flow\">\n<div class=\"wp-block-group is-nowrap is-layout-flex wp-container-core-group-is-layout-6c531013 wp-block-group-is-layout-flex\">\n<div class=\"wp-block-group wp-container-content-f67f277b is-vertical is-content-justification-stretch is-layout-flex wp-container-core-group-is-layout-d54ee4c4 wp-block-group-is-layout-flex\" style=\"border-top-left-radius:24px;border-top-right-radius:24px;border-bottom-left-radius:24px;border-bottom-right-radius:24px;margin-top:0;margin-bottom:0;padding-top:0;padding-right:0;padding-bottom:0;padding-left:0\">\n<figure class=\"wp-block-image size-full is-resized has-custom-border\" style=\"margin-top:0;margin-right:0;margin-bottom:0;margin-left:0\"><img loading=\"lazy\" decoding=\"async\" width=\"1920\" height=\"1080\" src=\"https:\/\/eschmit.dectim.ca\/ep\/lucio\/wp-content\/uploads\/2026\/03\/Untitled.png\" alt=\"\" class=\"wp-image-490\" style=\"border-top-left-radius:24px;border-top-right-radius:24px;border-bottom-left-radius:4px;border-bottom-right-radius:4px;aspect-ratio:16\/9;object-fit:cover;width:546px;height:auto\" srcset=\"https:\/\/eschmit.dectim.ca\/ep\/lucio\/wp-content\/uploads\/2026\/03\/Untitled.png 1920w, https:\/\/eschmit.dectim.ca\/ep\/lucio\/wp-content\/uploads\/2026\/03\/Untitled-300x169.png 300w, https:\/\/eschmit.dectim.ca\/ep\/lucio\/wp-content\/uploads\/2026\/03\/Untitled-1024x576.png 1024w, https:\/\/eschmit.dectim.ca\/ep\/lucio\/wp-content\/uploads\/2026\/03\/Untitled-768x432.png 768w, https:\/\/eschmit.dectim.ca\/ep\/lucio\/wp-content\/uploads\/2026\/03\/Untitled-1536x864.png 1536w\" sizes=\"auto, (max-width: 1920px) 100vw, 1920px\" \/><\/figure>\n\n\n\n<div class=\"wp-block-group has-ast-global-color-8-background-color has-background wp-container-content-9cfa9a5a is-vertical is-content-justification-stretch is-layout-flex wp-container-core-group-is-layout-73937bf9 wp-block-group-is-layout-flex\" style=\"border-top-left-radius:4px;border-top-right-radius:4px;border-bottom-left-radius:24px;border-bottom-right-radius:24px;margin-top:0;margin-bottom:4px;padding-top:40px;padding-right:10px;padding-bottom:40px;padding-left:10px\">\n<h3 class=\"wp-block-heading has-text-align-center has-ast-global-color-2-color has-text-color has-link-color wp-elements-9503747a936514622ec6f3c36dfc77ed\"><a href=\"https:\/\/eschmit.dectim.ca\/ep\/lucio\/projet-de-laurie\/\" target=\"_blank\" rel=\"noreferrer noopener\"><\/a><a href=\"https:\/\/eschmit.dectim.ca\/ep\/lucio\/sentier-des-ombres\/\" data-type=\"page\" data-id=\"350\"><\/a><a href=\"https:\/\/eschmit.dectim.ca\/ep\/lucio\/sentier-des-ombres\/\" data-type=\"page\" data-id=\"350\">La salle d\u2019arcade<\/a><\/h3>\n\n\n\n<h4 class=\"wp-block-heading has-text-align-center has-ast-global-color-2-color has-text-color has-link-color wp-elements-a7648ec90d37aa62fee2e0ed021bfb7b\">Elliot Schmit<\/h4>\n<\/div>\n<\/div>\n<\/div>\n<\/div>\n\n\n\n<div class=\"wp-block-column is-layout-flow wp-block-column-is-layout-flow\">\n<div class=\"wp-block-group is-nowrap is-layout-flex wp-container-core-group-is-layout-6c531013 wp-block-group-is-layout-flex\">\n<div class=\"wp-block-group wp-container-content-f67f277b is-vertical is-content-justification-stretch is-layout-flex wp-container-core-group-is-layout-d54ee4c4 wp-block-group-is-layout-flex\" style=\"border-top-left-radius:24px;border-top-right-radius:24px;border-bottom-left-radius:24px;border-bottom-right-radius:24px;margin-top:0;margin-bottom:0;padding-top:0;padding-right:0;padding-bottom:0;padding-left:0\">\n<figure class=\"wp-block-image size-full is-resized has-custom-border\" style=\"margin-top:0;margin-right:0;margin-bottom:0;margin-left:0\"><img loading=\"lazy\" decoding=\"async\" width=\"1920\" height=\"1080\" src=\"https:\/\/eschmit.dectim.ca\/ep\/lucio\/wp-content\/uploads\/2026\/03\/BBNEXDO-Google-Doodle-snapshot.jpg\" alt=\"\" class=\"wp-image-487\" style=\"border-top-left-radius:24px;border-top-right-radius:24px;border-bottom-left-radius:4px;border-bottom-right-radius:4px;aspect-ratio:16\/9;object-fit:cover;width:546px;height:auto\" srcset=\"https:\/\/eschmit.dectim.ca\/ep\/lucio\/wp-content\/uploads\/2026\/03\/BBNEXDO-Google-Doodle-snapshot.jpg 1920w, https:\/\/eschmit.dectim.ca\/ep\/lucio\/wp-content\/uploads\/2026\/03\/BBNEXDO-Google-Doodle-snapshot-300x169.jpg 300w, https:\/\/eschmit.dectim.ca\/ep\/lucio\/wp-content\/uploads\/2026\/03\/BBNEXDO-Google-Doodle-snapshot-1024x576.jpg 1024w, https:\/\/eschmit.dectim.ca\/ep\/lucio\/wp-content\/uploads\/2026\/03\/BBNEXDO-Google-Doodle-snapshot-768x432.jpg 768w, https:\/\/eschmit.dectim.ca\/ep\/lucio\/wp-content\/uploads\/2026\/03\/BBNEXDO-Google-Doodle-snapshot-1536x864.jpg 1536w\" sizes=\"auto, (max-width: 1920px) 100vw, 1920px\" \/><\/figure>\n\n\n\n<div class=\"wp-block-group has-ast-global-color-8-background-color has-background wp-container-content-9cfa9a5a is-vertical is-content-justification-stretch is-layout-flex wp-container-core-group-is-layout-73937bf9 wp-block-group-is-layout-flex\" style=\"border-top-left-radius:4px;border-top-right-radius:4px;border-bottom-left-radius:24px;border-bottom-right-radius:24px;margin-top:0;margin-bottom:4px;padding-top:40px;padding-right:10px;padding-bottom:40px;padding-left:10px\">\n<h3 class=\"wp-block-heading has-text-align-center has-ast-global-color-2-color has-text-color has-link-color wp-elements-121b6fcc6fbfcdb243e809d34d2c9b9d\"><a href=\"https:\/\/eschmit.dectim.ca\/ep\/lucio\/projet-de-laurie\/\" target=\"_blank\" rel=\"noreferrer noopener\">BBNEXTDO Google Doodle<\/a><\/h3>\n\n\n\n<h4 class=\"wp-block-heading has-text-align-center has-ast-global-color-2-color has-text-color has-link-color wp-elements-920747aa7b5bdef5d672bb5a2dc0668b\">Laurie Fournier<\/h4>\n<\/div>\n<\/div>\n<\/div>\n<\/div>\n\n\n\n<div class=\"wp-block-column is-layout-flow wp-block-column-is-layout-flow\">\n<div class=\"wp-block-group is-nowrap is-layout-flex wp-container-core-group-is-layout-6c531013 wp-block-group-is-layout-flex\">\n<div class=\"wp-block-group wp-container-content-f67f277b is-vertical is-content-justification-stretch is-layout-flex wp-container-core-group-is-layout-d54ee4c4 wp-block-group-is-layout-flex\" style=\"border-top-left-radius:24px;border-top-right-radius:24px;border-bottom-left-radius:24px;border-bottom-right-radius:24px;margin-top:0;margin-bottom:0;padding-top:0;padding-right:0;padding-bottom:0;padding-left:0\">\n<figure class=\"wp-block-image size-full is-resized has-custom-border\" style=\"margin-top:0;margin-right:0;margin-bottom:0;margin-left:0\"><img loading=\"lazy\" decoding=\"async\" width=\"1920\" height=\"1080\" src=\"https:\/\/eschmit.dectim.ca\/ep\/lucio\/wp-content\/uploads\/2026\/03\/BBNEXDO-Google-Doodle-snapshot.jpg\" alt=\"\" class=\"wp-image-487\" style=\"border-top-left-radius:24px;border-top-right-radius:24px;border-bottom-left-radius:4px;border-bottom-right-radius:4px;aspect-ratio:16\/9;object-fit:cover;width:546px;height:auto\" srcset=\"https:\/\/eschmit.dectim.ca\/ep\/lucio\/wp-content\/uploads\/2026\/03\/BBNEXDO-Google-Doodle-snapshot.jpg 1920w, https:\/\/eschmit.dectim.ca\/ep\/lucio\/wp-content\/uploads\/2026\/03\/BBNEXDO-Google-Doodle-snapshot-300x169.jpg 300w, https:\/\/eschmit.dectim.ca\/ep\/lucio\/wp-content\/uploads\/2026\/03\/BBNEXDO-Google-Doodle-snapshot-1024x576.jpg 1024w, https:\/\/eschmit.dectim.ca\/ep\/lucio\/wp-content\/uploads\/2026\/03\/BBNEXDO-Google-Doodle-snapshot-768x432.jpg 768w, https:\/\/eschmit.dectim.ca\/ep\/lucio\/wp-content\/uploads\/2026\/03\/BBNEXDO-Google-Doodle-snapshot-1536x864.jpg 1536w\" sizes=\"auto, (max-width: 1920px) 100vw, 1920px\" \/><\/figure>\n\n\n\n<div class=\"wp-block-group has-ast-global-color-8-background-color has-background wp-container-content-9cfa9a5a is-vertical is-content-justification-stretch is-layout-flex wp-container-core-group-is-layout-73937bf9 wp-block-group-is-layout-flex\" style=\"border-top-left-radius:4px;border-top-right-radius:4px;border-bottom-left-radius:24px;border-bottom-right-radius:24px;margin-top:0;margin-bottom:4px;padding-top:40px;padding-right:10px;padding-bottom:40px;padding-left:10px\">\n<h3 class=\"wp-block-heading has-text-align-center has-ast-global-color-2-color has-text-color has-link-color wp-elements-17868f48bff721411c11c5151f7bd470\"><a href=\"https:\/\/eschmit.dectim.ca\/ep\/lucio\/projet-de-laurie\/\" target=\"_blank\" rel=\"noreferrer noopener\"><\/a><a href=\"https:\/\/eschmit.dectim.ca\/ep\/lucio\/projet-de-fiorella\/\">Projet de Fiorella<\/a><\/h3>\n\n\n\n<h4 class=\"wp-block-heading has-text-align-center has-ast-global-color-2-color has-text-color has-link-color wp-elements-7ff8e40fb501af41e2e99dea86e2ac1c\">Fiorella Blanchette-Tadeo<\/h4>\n<\/div>\n<\/div>\n<\/div>\n<\/div>\n<\/div>\n<\/div>\n","protected":false},"excerpt":{"rendered":"<p>Projet URBANIA Cr\u00e9\u00e9 par Samuel Robert Ngogang-Tchamegni Dans le cadre du cours de design, je devais cr\u00e9er un magazine urbain [&hellip;]<\/p>\n","protected":false},"author":2,"featured_media":0,"parent":0,"menu_order":0,"comment_status":"closed","ping_status":"closed","template":"","meta":{"inline_featured_image":false,"site-sidebar-layout":"default","site-content-layout":"","ast-site-content-layout":"default","site-content-style":"default","site-sidebar-style":"default","ast-global-header-display":"","ast-banner-title-visibility":"","ast-main-header-display":"","ast-hfb-above-header-display":"","ast-hfb-below-header-display":"","ast-hfb-mobile-header-display":"","site-post-title":"disabled","ast-breadcrumbs-content":"","ast-featured-img":"","footer-sml-layout":"","ast-disable-related-posts":"","theme-transparent-header-meta":"","adv-header-id-meta":"","stick-header-meta":"","header-above-stick-meta":"","header-main-stick-meta":"","header-below-stick-meta":"","astra-migrate-meta-layouts":"default","ast-page-background-enabled":"default","ast-page-background-meta":{"desktop":{"background-color":"var(--ast-global-color-5)","background-image":"","background-repeat":"repeat","background-position":"center center","background-size":"auto","background-attachment":"scroll","background-type":"","background-media":"","overlay-type":"","overlay-color":"","overlay-opacity":"","overlay-gradient":""},"tablet":{"background-color":"","background-image":"","background-repeat":"repeat","background-position":"center center","background-size":"auto","background-attachment":"scroll","background-type":"","background-media":"","overlay-type":"","overlay-color":"","overlay-opacity":"","overlay-gradient":""},"mobile":{"background-color":"","background-image":"","background-repeat":"repeat","background-position":"center center","background-size":"auto","background-attachment":"scroll","background-type":"","background-media":"","overlay-type":"","overlay-color":"","overlay-opacity":"","overlay-gradient":""}},"ast-content-background-meta":{"desktop":{"background-color":"var(--ast-global-color-4)","background-image":"","background-repeat":"repeat","background-position":"center center","background-size":"auto","background-attachment":"scroll","background-type":"","background-media":"","overlay-type":"","overlay-color":"","overlay-opacity":"","overlay-gradient":""},"tablet":{"background-color":"var(--ast-global-color-4)","background-image":"","background-repeat":"repeat","background-position":"center center","background-size":"auto","background-attachment":"scroll","background-type":"","background-media":"","overlay-type":"","overlay-color":"","overlay-opacity":"","overlay-gradient":""},"mobile":{"background-color":"var(--ast-global-color-4)","background-image":"","background-repeat":"repeat","background-position":"center center","background-size":"auto","background-attachment":"scroll","background-type":"","background-media":"","overlay-type":"","overlay-color":"","overlay-opacity":"","overlay-gradient":""}},"_themeisle_gutenberg_block_has_review":false,"footnotes":""},"class_list":["post-436","page","type-page","status-publish","hentry"],"_links":{"self":[{"href":"https:\/\/eschmit.dectim.ca\/ep\/lucio\/wp-json\/wp\/v2\/pages\/436","targetHints":{"allow":["GET"]}}],"collection":[{"href":"https:\/\/eschmit.dectim.ca\/ep\/lucio\/wp-json\/wp\/v2\/pages"}],"about":[{"href":"https:\/\/eschmit.dectim.ca\/ep\/lucio\/wp-json\/wp\/v2\/types\/page"}],"author":[{"embeddable":true,"href":"https:\/\/eschmit.dectim.ca\/ep\/lucio\/wp-json\/wp\/v2\/users\/2"}],"replies":[{"embeddable":true,"href":"https:\/\/eschmit.dectim.ca\/ep\/lucio\/wp-json\/wp\/v2\/comments?post=436"}],"version-history":[{"count":16,"href":"https:\/\/eschmit.dectim.ca\/ep\/lucio\/wp-json\/wp\/v2\/pages\/436\/revisions"}],"predecessor-version":[{"id":855,"href":"https:\/\/eschmit.dectim.ca\/ep\/lucio\/wp-json\/wp\/v2\/pages\/436\/revisions\/855"}],"wp:attachment":[{"href":"https:\/\/eschmit.dectim.ca\/ep\/lucio\/wp-json\/wp\/v2\/media?parent=436"}],"curies":[{"name":"wp","href":"https:\/\/api.w.org\/{rel}","templated":true}]}}