{"id":438,"date":"2026-03-22T11:42:38","date_gmt":"2026-03-22T15:42:38","guid":{"rendered":"https:\/\/eschmit.dectim.ca\/ep\/lucio\/?page_id=438"},"modified":"2026-04-15T15:42:17","modified_gmt":"2026-04-15T19:42:17","slug":"projet-de-laurie","status":"publish","type":"page","link":"https:\/\/eschmit.dectim.ca\/ep\/lucio\/projet-de-laurie\/","title":{"rendered":"BBNEXDO Google Doodle"},"content":{"rendered":"\n<div class=\"wp-block-cover alignfull has-custom-content-position is-position-top-left\" style=\"min-height:824px;aspect-ratio:unset;\"><img loading=\"lazy\" decoding=\"async\" width=\"1024\" height=\"576\" class=\"wp-block-cover__image-background wp-image-487 size-large\" alt=\"\" src=\"https:\/\/eschmit.dectim.ca\/ep\/lucio\/wp-content\/uploads\/2026\/03\/BBNEXDO-Google-Doodle-snapshot-1024x576.jpg\" data-object-fit=\"cover\" srcset=\"https:\/\/eschmit.dectim.ca\/ep\/lucio\/wp-content\/uploads\/2026\/03\/BBNEXDO-Google-Doodle-snapshot-1024x576.jpg 1024w, https:\/\/eschmit.dectim.ca\/ep\/lucio\/wp-content\/uploads\/2026\/03\/BBNEXDO-Google-Doodle-snapshot-300x169.jpg 300w, https:\/\/eschmit.dectim.ca\/ep\/lucio\/wp-content\/uploads\/2026\/03\/BBNEXDO-Google-Doodle-snapshot-768x432.jpg 768w, https:\/\/eschmit.dectim.ca\/ep\/lucio\/wp-content\/uploads\/2026\/03\/BBNEXDO-Google-Doodle-snapshot-1536x864.jpg 1536w, https:\/\/eschmit.dectim.ca\/ep\/lucio\/wp-content\/uploads\/2026\/03\/BBNEXDO-Google-Doodle-snapshot.jpg 1920w\" sizes=\"auto, (max-width: 1024px) 100vw, 1024px\" \/><span aria-hidden=\"true\" class=\"wp-block-cover__background has-background-dim\"><\/span><div class=\"wp-block-cover__inner-container is-layout-constrained wp-block-cover-is-layout-constrained\">\n<h1 class=\"wp-block-heading alignwide has-text-align-center has-ast-global-color-2-color has-text-color has-link-color wp-elements-32211d5c806087df80c66bc9a6f83f4f\">BBNEXDO Google Doodle<\/h1>\n<\/div><\/div>\n\n\n\n<div style=\"height:100px\" aria-hidden=\"true\" class=\"wp-block-spacer\"><\/div>\n\n\n\n<div class=\"wp-block-group alignwide has-ast-global-color-5-background-color has-background is-layout-constrained wp-block-group-is-layout-constrained\" style=\"border-top-left-radius:24px;border-top-right-radius:24px;border-bottom-left-radius:24px;border-bottom-right-radius:24px\">\n<div class=\"wp-block-columns is-layout-flex wp-container-core-columns-is-layout-28f84493 wp-block-columns-is-layout-flex\">\n<div class=\"wp-block-column is-vertically-aligned-top is-layout-flow wp-block-column-is-layout-flow\" style=\"flex-basis:66.66%\">\n<h2 class=\"wp-block-heading\"><strong>BBNEXDO Google Doodle<\/strong><\/h2>\n\n\n\n<div class=\"wp-block-group is-vertical is-layout-flex wp-container-core-group-is-layout-fe9cc265 wp-block-group-is-layout-flex\">\n<p>Cr\u00e9\u00e9 par <strong>Laurie Fournier<\/strong><\/p>\n\n\n\n<p>Dans le cadre de notre cours d&rsquo;animation 2D. Nous avons cr\u00e9\u00e9 des animations inspir\u00e9es de celles de Google. J&rsquo;ai d\u00e9cid\u00e9 de tourner ce projet en un projet de fan pour mon groupe pr\u00e9f\u00e9r\u00e9.<\/p>\n\n\n\n<p>Ce projet contient du contenu \u00e0 droit d&rsquo;auteur. C&rsquo;est un projet de fan. <a href=\"https:\/\/magazine.weverse.io\/article\/view\/1746?lang=en\" data-type=\"link\" data-id=\"https:\/\/magazine.weverse.io\/article\/view\/1746?lang=en\">BBNEXDOs<\/a> sont des personnages fictifs qui repr\u00e9sentent les membres du groupe <a href=\"https:\/\/www.kozofficial.com\/artist\/profile\/BOYNEXTDOOR\" data-type=\"link\" data-id=\"https:\/\/www.kozofficial.com\/artist\/profile\/BOYNEXTDOOR\">BOYNEXTDOOR<\/a>.<\/p>\n<\/div>\n\n\n\n<h2 class=\"wp-block-heading\">Processus de cr\u00e9ation<\/h2>\n\n\n\n<div class=\"wp-block-group is-vertical is-layout-flex wp-container-core-group-is-layout-fe9cc265 wp-block-group-is-layout-flex\">\n<ol style=\"padding-right:var(--wp--preset--spacing--40);padding-left:var(--wp--preset--spacing--40)\" class=\"wp-block-list\">\n<li>Sc\u00e9narimage<\/li>\n\n\n\n<li>Croquis \u00e0 la tablette<\/li>\n\n\n\n<li>Dessins vectoriels<\/li>\n\n\n\n<li>Animation<\/li>\n\n\n\n<li>Ajout des effets sonores<\/li>\n<\/ol>\n\n\n\n<div class=\"wp-block-group is-vertical is-layout-flex wp-container-core-group-is-layout-fe9cc265 wp-block-group-is-layout-flex\">\n<h3 class=\"wp-block-heading\">Logiciels utilis\u00e9s<\/h3>\n\n\n\n<p>Clip Studio Paint, Adobe Illustrator, Adobe After Effects, Reaper<\/p>\n<\/div>\n<\/div>\n<\/div>\n\n\n\n<div class=\"wp-block-column is-layout-flow wp-block-column-is-layout-flow\" style=\"flex-basis:33.33%\">\n<div class=\"wp-block-group is-vertical is-layout-flex wp-container-core-group-is-layout-fe9cc265 wp-block-group-is-layout-flex\">\n<div class=\"wp-block-group is-vertical is-layout-flex wp-container-core-group-is-layout-fe9cc265 wp-block-group-is-layout-flex\">\n<div class=\"wp-block-group has-ast-global-color-8-background-color has-background is-vertical is-content-justification-center is-layout-flex wp-container-core-group-is-layout-6889a30e wp-block-group-is-layout-flex\" style=\"border-top-left-radius:24px;border-top-right-radius:24px;border-bottom-left-radius:4px;border-bottom-right-radius:4px;margin-top:0;margin-bottom:0;padding-top:0px;padding-right:0px;padding-bottom:0px;padding-left:0px\">\n<p>Sc\u00e9narimage<\/p>\n\n\n\n<figure class=\"wp-block-image size-large has-custom-border is-style-default\" style=\"margin-top:0;margin-bottom:0\"><img loading=\"lazy\" decoding=\"async\" width=\"1024\" height=\"877\" src=\"https:\/\/eschmit.dectim.ca\/ep\/lucio\/wp-content\/uploads\/2026\/03\/Scenarimage-2-1024x877.jpg\" alt=\"\" class=\"wp-image-470\" style=\"border-top-left-radius:4px;border-top-right-radius:4px;border-bottom-left-radius:4px;border-bottom-right-radius:4px\" srcset=\"https:\/\/eschmit.dectim.ca\/ep\/lucio\/wp-content\/uploads\/2026\/03\/Scenarimage-2-1024x877.jpg 1024w, https:\/\/eschmit.dectim.ca\/ep\/lucio\/wp-content\/uploads\/2026\/03\/Scenarimage-2-300x257.jpg 300w, https:\/\/eschmit.dectim.ca\/ep\/lucio\/wp-content\/uploads\/2026\/03\/Scenarimage-2-768x658.jpg 768w, https:\/\/eschmit.dectim.ca\/ep\/lucio\/wp-content\/uploads\/2026\/03\/Scenarimage-2.jpg 1352w\" sizes=\"auto, (max-width: 1024px) 100vw, 1024px\" \/><\/figure>\n<\/div>\n<\/div>\n\n\n\n<div class=\"wp-block-group is-vertical is-layout-flex wp-container-core-group-is-layout-fe9cc265 wp-block-group-is-layout-flex\">\n<div class=\"wp-block-group has-ast-global-color-8-background-color has-background is-vertical is-content-justification-center is-layout-flex wp-container-core-group-is-layout-591a1b01 wp-block-group-is-layout-flex\" style=\"border-top-left-radius:4px;border-top-right-radius:4px;border-bottom-left-radius:24px;border-bottom-right-radius:24px;min-height:0px;padding-top:0px;padding-bottom:0px\">\n<p>Croquis \u00e0 la tablette<\/p>\n\n\n\n<figure class=\"wp-block-image size-large has-custom-border\" style=\"margin-top:0;margin-right:0;margin-bottom:0;margin-left:0\"><img loading=\"lazy\" decoding=\"async\" width=\"1024\" height=\"576\" src=\"https:\/\/eschmit.dectim.ca\/ep\/lucio\/wp-content\/uploads\/2026\/03\/bbnexdo-pannel-1-2-1024x576.png\" alt=\"\" class=\"wp-image-471\" style=\"border-top-left-radius:4px;border-top-right-radius:4px;border-bottom-left-radius:4px;border-bottom-right-radius:4px\" srcset=\"https:\/\/eschmit.dectim.ca\/ep\/lucio\/wp-content\/uploads\/2026\/03\/bbnexdo-pannel-1-2-1024x576.png 1024w, https:\/\/eschmit.dectim.ca\/ep\/lucio\/wp-content\/uploads\/2026\/03\/bbnexdo-pannel-1-2-300x169.png 300w, https:\/\/eschmit.dectim.ca\/ep\/lucio\/wp-content\/uploads\/2026\/03\/bbnexdo-pannel-1-2-768x432.png 768w, https:\/\/eschmit.dectim.ca\/ep\/lucio\/wp-content\/uploads\/2026\/03\/bbnexdo-pannel-1-2-1536x864.png 1536w, https:\/\/eschmit.dectim.ca\/ep\/lucio\/wp-content\/uploads\/2026\/03\/bbnexdo-pannel-1-2.png 1920w\" sizes=\"auto, (max-width: 1024px) 100vw, 1024px\" \/><\/figure>\n<\/div>\n<\/div>\n<\/div>\n<\/div>\n<\/div>\n\n\n\n<div class=\"wp-block-columns alignwide is-layout-flex wp-container-core-columns-is-layout-28f84493 wp-block-columns-is-layout-flex\">\n<div class=\"wp-block-column is-layout-flow wp-block-column-is-layout-flow\">\n<h3 class=\"wp-block-heading\">Defi<\/h3>\n\n\n\n<p>Plut\u00f4t qu\u2019un d\u00e9fi, j\u2019appellerais \u00e7a une le\u00e7on, mais depuis 2 incidents avec cette vid\u00e9o, j\u2019ai commenc\u00e9 \u00e0 mettre un watermark. Certaines personnes ont r\u00e9utilis\u00e9 l\u2019animation que je suis fi\u00e8re de partager avec tous tant que je suis cr\u00e9dit\u00e9e. Quand j\u2019ai demand\u00e9 \u00e0 une des deux personne, je n\u2019ai pas eu de r\u00e9ponses mais son post a \u00e9t\u00e9 supprim\u00e9. Bref, ma le\u00e7on a \u00e9t\u00e9 apprise et j\u2019ai mis un watermark lorsque j\u2019ai fait ma prochaine animation.<\/p>\n<\/div>\n\n\n\n<div class=\"wp-block-column is-layout-flow wp-block-column-is-layout-flow\">\n<h3 class=\"wp-block-heading\">R\u00e9sultat<\/h3>\n\n\n\n<p>J\u2019ai pu m\u2019expliqu\u00e9 avec une des deux personnes qui voulait uitiliser mon animation. Elle voulait la mettre sur son compte de repost du group sur Instagram. Cette personne a mis un lien \u00e0 ma page et j\u2019ai gagn\u00e9 des likes et des abonn\u00e9s gr\u00e2ce \u00e0 \u00e7a.<\/p>\n\n\n\n<p>Beaucoup de fans ont compliment\u00e9 le r\u00e9sultat final et `ca m&rsquo;a donn\u00e9 envie de faire plus de projet de fan.<\/p>\n<\/div>\n<\/div>\n<\/div>\n\n\n\n<h2 class=\"wp-block-heading alignwide\" style=\"margin-right:0;margin-bottom:var(--wp--preset--spacing--20);margin-left:0;padding-right:0;padding-left:0\">Projet final<\/h2>\n\n\n\n<div class=\"wp-block-cover alignwide has-custom-content-position is-position-bottom-center\" style=\"border-top-left-radius:24px;border-top-right-radius:24px;border-bottom-left-radius:24px;border-bottom-right-radius:24px;padding-top:var(--wp--preset--spacing--40);padding-bottom:var(--wp--preset--spacing--40)\"><span aria-hidden=\"true\" class=\"wp-block-cover__background has-ast-global-color-5-background-color has-background-dim-100 has-background-dim\"><\/span><div class=\"wp-block-cover__inner-container is-layout-constrained wp-block-cover-is-layout-constrained\">\n<figure class=\"wp-block-embed is-type-video is-provider-youtube wp-block-embed-youtube wp-embed-aspect-16-9 wp-has-aspect-ratio\"><div class=\"wp-block-embed__wrapper\">\n<iframe loading=\"lazy\" title=\"Fan Project - BBNEXDO Google doodle\" width=\"500\" height=\"281\" src=\"https:\/\/www.youtube.com\/embed\/tmGbwuFW2aQ?feature=oembed\" frameborder=\"0\" allow=\"accelerometer; autoplay; clipboard-write; encrypted-media; gyroscope; picture-in-picture; web-share\" referrerpolicy=\"strict-origin-when-cross-origin\" allowfullscreen><\/iframe>\n<\/div><\/figure>\n<\/div><\/div>\n\n\n\n<div class=\"wp-block-group alignfull is-layout-constrained wp-block-group-is-layout-constrained\">\n<h2 class=\"wp-block-heading alignwide\" style=\"margin-top:var(--wp--preset--spacing--60);margin-bottom:var(--wp--preset--spacing--20)\">Autres projets<\/h2>\n\n\n\n<div class=\"wp-block-columns alignwide is-layout-flex wp-container-core-columns-is-layout-62b1d4c9 wp-block-columns-is-layout-flex\" style=\"padding-top:0;padding-right:0;padding-bottom:0;padding-left:0\">\n<div class=\"wp-block-column is-layout-flow wp-block-column-is-layout-flow\">\n<div class=\"wp-block-group is-nowrap is-layout-flex wp-container-core-group-is-layout-6c531013 wp-block-group-is-layout-flex\">\n<div class=\"wp-block-group wp-container-content-f67f277b is-vertical is-content-justification-stretch is-layout-flex wp-container-core-group-is-layout-d54ee4c4 wp-block-group-is-layout-flex\" style=\"border-top-left-radius:24px;border-top-right-radius:24px;border-bottom-left-radius:24px;border-bottom-right-radius:24px;margin-top:0;margin-bottom:0;padding-top:0;padding-right:0;padding-bottom:0;padding-left:0\">\n<figure class=\"wp-block-image size-full is-resized has-custom-border\" style=\"margin-top:0;margin-right:0;margin-bottom:0;margin-left:0\"><img loading=\"lazy\" decoding=\"async\" width=\"1920\" height=\"1080\" src=\"https:\/\/eschmit.dectim.ca\/ep\/lucio\/wp-content\/uploads\/2026\/03\/Untitled.png\" alt=\"\" class=\"wp-image-490\" style=\"border-top-left-radius:24px;border-top-right-radius:24px;border-bottom-left-radius:4px;border-bottom-right-radius:4px;aspect-ratio:16\/9;object-fit:cover;width:546px;height:auto\" srcset=\"https:\/\/eschmit.dectim.ca\/ep\/lucio\/wp-content\/uploads\/2026\/03\/Untitled.png 1920w, https:\/\/eschmit.dectim.ca\/ep\/lucio\/wp-content\/uploads\/2026\/03\/Untitled-300x169.png 300w, https:\/\/eschmit.dectim.ca\/ep\/lucio\/wp-content\/uploads\/2026\/03\/Untitled-1024x576.png 1024w, https:\/\/eschmit.dectim.ca\/ep\/lucio\/wp-content\/uploads\/2026\/03\/Untitled-768x432.png 768w, https:\/\/eschmit.dectim.ca\/ep\/lucio\/wp-content\/uploads\/2026\/03\/Untitled-1536x864.png 1536w\" sizes=\"auto, (max-width: 1920px) 100vw, 1920px\" \/><\/figure>\n\n\n\n<div class=\"wp-block-group has-ast-global-color-8-background-color has-background wp-container-content-9cfa9a5a is-vertical is-content-justification-stretch is-layout-flex wp-container-core-group-is-layout-73937bf9 wp-block-group-is-layout-flex\" style=\"border-top-left-radius:4px;border-top-right-radius:4px;border-bottom-left-radius:24px;border-bottom-right-radius:24px;margin-top:0;margin-bottom:4px;padding-top:40px;padding-right:10px;padding-bottom:40px;padding-left:10px\">\n<h3 class=\"wp-block-heading has-text-align-center has-ast-global-color-2-color has-text-color has-link-color wp-elements-9503747a936514622ec6f3c36dfc77ed\"><a href=\"https:\/\/eschmit.dectim.ca\/ep\/lucio\/projet-de-laurie\/\" target=\"_blank\" rel=\"noreferrer noopener\"><\/a><a href=\"https:\/\/eschmit.dectim.ca\/ep\/lucio\/sentier-des-ombres\/\" data-type=\"page\" data-id=\"350\"><\/a><a href=\"https:\/\/eschmit.dectim.ca\/ep\/lucio\/sentier-des-ombres\/\" data-type=\"page\" data-id=\"350\">La salle d\u2019arcade<\/a><\/h3>\n\n\n\n<h4 class=\"wp-block-heading has-text-align-center has-ast-global-color-2-color has-text-color has-link-color wp-elements-a7648ec90d37aa62fee2e0ed021bfb7b\">Elliot Schmit<\/h4>\n<\/div>\n<\/div>\n<\/div>\n<\/div>\n\n\n\n<div class=\"wp-block-column is-layout-flow wp-block-column-is-layout-flow\">\n<div class=\"wp-block-group is-nowrap is-layout-flex wp-container-core-group-is-layout-6c531013 wp-block-group-is-layout-flex\">\n<div class=\"wp-block-group wp-container-content-f67f277b is-vertical is-content-justification-stretch is-layout-flex wp-container-core-group-is-layout-d54ee4c4 wp-block-group-is-layout-flex\" style=\"border-top-left-radius:24px;border-top-right-radius:24px;border-bottom-left-radius:24px;border-bottom-right-radius:24px;margin-top:0;margin-bottom:0;padding-top:0;padding-right:0;padding-bottom:0;padding-left:0\">\n<figure class=\"wp-block-image size-full is-resized has-custom-border\" style=\"margin-top:0;margin-right:0;margin-bottom:0;margin-left:0\"><img loading=\"lazy\" decoding=\"async\" width=\"1920\" height=\"1080\" src=\"https:\/\/eschmit.dectim.ca\/ep\/lucio\/wp-content\/uploads\/2026\/03\/BBNEXDO-Google-Doodle-snapshot.jpg\" alt=\"\" class=\"wp-image-487\" style=\"border-top-left-radius:24px;border-top-right-radius:24px;border-bottom-left-radius:4px;border-bottom-right-radius:4px;aspect-ratio:16\/9;object-fit:cover;width:546px;height:auto\" srcset=\"https:\/\/eschmit.dectim.ca\/ep\/lucio\/wp-content\/uploads\/2026\/03\/BBNEXDO-Google-Doodle-snapshot.jpg 1920w, https:\/\/eschmit.dectim.ca\/ep\/lucio\/wp-content\/uploads\/2026\/03\/BBNEXDO-Google-Doodle-snapshot-300x169.jpg 300w, https:\/\/eschmit.dectim.ca\/ep\/lucio\/wp-content\/uploads\/2026\/03\/BBNEXDO-Google-Doodle-snapshot-1024x576.jpg 1024w, https:\/\/eschmit.dectim.ca\/ep\/lucio\/wp-content\/uploads\/2026\/03\/BBNEXDO-Google-Doodle-snapshot-768x432.jpg 768w, https:\/\/eschmit.dectim.ca\/ep\/lucio\/wp-content\/uploads\/2026\/03\/BBNEXDO-Google-Doodle-snapshot-1536x864.jpg 1536w\" sizes=\"auto, (max-width: 1920px) 100vw, 1920px\" \/><\/figure>\n\n\n\n<div class=\"wp-block-group has-ast-global-color-8-background-color has-background wp-container-content-9cfa9a5a is-vertical is-content-justification-stretch is-layout-flex wp-container-core-group-is-layout-73937bf9 wp-block-group-is-layout-flex\" style=\"border-top-left-radius:4px;border-top-right-radius:4px;border-bottom-left-radius:24px;border-bottom-right-radius:24px;margin-top:0;margin-bottom:4px;padding-top:40px;padding-right:10px;padding-bottom:40px;padding-left:10px\">\n<h3 class=\"wp-block-heading has-text-align-center has-ast-global-color-2-color has-text-color has-link-color wp-elements-17868f48bff721411c11c5151f7bd470\"><a href=\"https:\/\/eschmit.dectim.ca\/ep\/lucio\/projet-de-laurie\/\" target=\"_blank\" rel=\"noreferrer noopener\"><\/a><a href=\"https:\/\/eschmit.dectim.ca\/ep\/lucio\/projet-de-fiorella\/\">Projet de Fiorella<\/a><\/h3>\n\n\n\n<h4 class=\"wp-block-heading has-text-align-center has-ast-global-color-2-color has-text-color has-link-color wp-elements-7ff8e40fb501af41e2e99dea86e2ac1c\">Fiorella Blanchette-Tadeo<\/h4>\n<\/div>\n<\/div>\n<\/div>\n<\/div>\n\n\n\n<div class=\"wp-block-column is-layout-flow wp-block-column-is-layout-flow\">\n<div class=\"wp-block-group is-nowrap is-layout-flex wp-container-core-group-is-layout-6c531013 wp-block-group-is-layout-flex\">\n<div class=\"wp-block-group wp-container-content-f67f277b is-vertical is-content-justification-stretch is-layout-flex wp-container-core-group-is-layout-d54ee4c4 wp-block-group-is-layout-flex\" style=\"border-top-left-radius:24px;border-top-right-radius:24px;border-bottom-left-radius:24px;border-bottom-right-radius:24px;margin-top:0;margin-bottom:0;padding-top:0;padding-right:0;padding-bottom:0;padding-left:0\">\n<figure class=\"wp-block-image size-full is-resized has-custom-border\" style=\"margin-top:0;margin-right:0;margin-bottom:0;margin-left:0\"><img loading=\"lazy\" decoding=\"async\" width=\"1345\" height=\"1008\" src=\"https:\/\/eschmit.dectim.ca\/ep\/lucio\/wp-content\/uploads\/2026\/03\/Couverture-1-edited.jpg\" alt=\"\" class=\"wp-image-743\" style=\"border-top-left-radius:24px;border-top-right-radius:24px;border-bottom-left-radius:4px;border-bottom-right-radius:4px;aspect-ratio:16\/9;object-fit:cover;width:546px;height:auto\" srcset=\"https:\/\/eschmit.dectim.ca\/ep\/lucio\/wp-content\/uploads\/2026\/03\/Couverture-1-edited.jpg 1345w, https:\/\/eschmit.dectim.ca\/ep\/lucio\/wp-content\/uploads\/2026\/03\/Couverture-1-edited-300x225.jpg 300w, https:\/\/eschmit.dectim.ca\/ep\/lucio\/wp-content\/uploads\/2026\/03\/Couverture-1-edited-1024x767.jpg 1024w, https:\/\/eschmit.dectim.ca\/ep\/lucio\/wp-content\/uploads\/2026\/03\/Couverture-1-edited-768x576.jpg 768w\" sizes=\"auto, (max-width: 1345px) 100vw, 1345px\" \/><\/figure>\n\n\n\n<div class=\"wp-block-group has-ast-global-color-8-background-color has-background wp-container-content-9cfa9a5a is-vertical is-content-justification-stretch is-layout-flex wp-container-core-group-is-layout-73937bf9 wp-block-group-is-layout-flex\" style=\"border-top-left-radius:4px;border-top-right-radius:4px;border-bottom-left-radius:24px;border-bottom-right-radius:24px;margin-top:0;margin-bottom:4px;padding-top:40px;padding-right:10px;padding-bottom:40px;padding-left:10px\">\n<h3 class=\"wp-block-heading has-text-align-center has-ast-global-color-2-color has-text-color has-link-color wp-elements-8d592af3f254d5fc6e560ea22a0f7eba\"><a href=\"https:\/\/eschmit.dectim.ca\/ep\/lucio\/projet-de-laurie\/\" target=\"_blank\" rel=\"noreferrer noopener\"><\/a><a href=\"https:\/\/eschmit.dectim.ca\/ep\/lucio\/projet-de-samuel\/\">URBANIA<\/a><\/h3>\n\n\n\n<h4 class=\"wp-block-heading has-text-align-center has-ast-global-color-2-color has-text-color has-link-color wp-elements-a65d6e8273f6947c0da89a73c6fb0f3b\">Samuel Robert Ngogang-Tchamegni<\/h4>\n<\/div>\n<\/div>\n<\/div>\n<\/div>\n<\/div>\n<\/div>\n","protected":false},"excerpt":{"rendered":"<p>BBNEXDO Google Doodle Cr\u00e9\u00e9 par Laurie Fournier Dans le cadre de notre cours d&rsquo;animation 2D. Nous avons cr\u00e9\u00e9 des animations [&hellip;]<\/p>\n","protected":false},"author":2,"featured_media":0,"parent":0,"menu_order":0,"comment_status":"closed","ping_status":"closed","template":"","meta":{"inline_featured_image":false,"site-sidebar-layout":"default","site-content-layout":"","ast-site-content-layout":"default","site-content-style":"default","site-sidebar-style":"default","ast-global-header-display":"","ast-banner-title-visibility":"","ast-main-header-display":"","ast-hfb-above-header-display":"","ast-hfb-below-header-display":"","ast-hfb-mobile-header-display":"","site-post-title":"disabled","ast-breadcrumbs-content":"","ast-featured-img":"","footer-sml-layout":"","ast-disable-related-posts":"","theme-transparent-header-meta":"","adv-header-id-meta":"","stick-header-meta":"","header-above-stick-meta":"","header-main-stick-meta":"","header-below-stick-meta":"","astra-migrate-meta-layouts":"default","ast-page-background-enabled":"default","ast-page-background-meta":{"desktop":{"background-color":"var(--ast-global-color-5)","background-image":"","background-repeat":"repeat","background-position":"center center","background-size":"auto","background-attachment":"scroll","background-type":"","background-media":"","overlay-type":"","overlay-color":"","overlay-opacity":"","overlay-gradient":""},"tablet":{"background-color":"","background-image":"","background-repeat":"repeat","background-position":"center center","background-size":"auto","background-attachment":"scroll","background-type":"","background-media":"","overlay-type":"","overlay-color":"","overlay-opacity":"","overlay-gradient":""},"mobile":{"background-color":"","background-image":"","background-repeat":"repeat","background-position":"center center","background-size":"auto","background-attachment":"scroll","background-type":"","background-media":"","overlay-type":"","overlay-color":"","overlay-opacity":"","overlay-gradient":""}},"ast-content-background-meta":{"desktop":{"background-color":"var(--ast-global-color-4)","background-image":"","background-repeat":"repeat","background-position":"center center","background-size":"auto","background-attachment":"scroll","background-type":"","background-media":"","overlay-type":"","overlay-color":"","overlay-opacity":"","overlay-gradient":""},"tablet":{"background-color":"var(--ast-global-color-4)","background-image":"","background-repeat":"repeat","background-position":"center center","background-size":"auto","background-attachment":"scroll","background-type":"","background-media":"","overlay-type":"","overlay-color":"","overlay-opacity":"","overlay-gradient":""},"mobile":{"background-color":"var(--ast-global-color-4)","background-image":"","background-repeat":"repeat","background-position":"center center","background-size":"auto","background-attachment":"scroll","background-type":"","background-media":"","overlay-type":"","overlay-color":"","overlay-opacity":"","overlay-gradient":""}},"_themeisle_gutenberg_block_has_review":false,"footnotes":""},"class_list":["post-438","page","type-page","status-publish","hentry"],"_links":{"self":[{"href":"https:\/\/eschmit.dectim.ca\/ep\/lucio\/wp-json\/wp\/v2\/pages\/438","targetHints":{"allow":["GET"]}}],"collection":[{"href":"https:\/\/eschmit.dectim.ca\/ep\/lucio\/wp-json\/wp\/v2\/pages"}],"about":[{"href":"https:\/\/eschmit.dectim.ca\/ep\/lucio\/wp-json\/wp\/v2\/types\/page"}],"author":[{"embeddable":true,"href":"https:\/\/eschmit.dectim.ca\/ep\/lucio\/wp-json\/wp\/v2\/users\/2"}],"replies":[{"embeddable":true,"href":"https:\/\/eschmit.dectim.ca\/ep\/lucio\/wp-json\/wp\/v2\/comments?post=438"}],"version-history":[{"count":21,"href":"https:\/\/eschmit.dectim.ca\/ep\/lucio\/wp-json\/wp\/v2\/pages\/438\/revisions"}],"predecessor-version":[{"id":856,"href":"https:\/\/eschmit.dectim.ca\/ep\/lucio\/wp-json\/wp\/v2\/pages\/438\/revisions\/856"}],"wp:attachment":[{"href":"https:\/\/eschmit.dectim.ca\/ep\/lucio\/wp-json\/wp\/v2\/media?parent=438"}],"curies":[{"name":"wp","href":"https:\/\/api.w.org\/{rel}","templated":true}]}}